{"id":5204,"date":"2021-03-04T16:04:19","date_gmt":"2021-03-04T16:04:19","guid":{"rendered":"https:\/\/flightconcept.pt\/pagina-de-exemplo\/"},"modified":"2025-10-02T15:36:25","modified_gmt":"2025-10-02T15:36:25","slug":"pagina-de-exemplo","status":"publish","type":"page","link":"https:\/\/flightconcept.pt\/en\/pagina-de-exemplo\/","title":{"rendered":"P\u00e1gina De Exemplo"},"content":{"rendered":"\n<p>Esta \u00e9 uma p\u00e1gina de exemplo. \u00c9 diferente de uma postagem de blog porque permanecer\u00e1 em um lugar e aparecer\u00e1 na navega\u00e7\u00e3o do seu site (na maioria dos temas). A maioria das pessoas come\u00e7a com uma p\u00e1gina Sobre que as apresenta aos visitantes potenciais do site. Pode dizer algo como isto:<\/p>\n\n<blockquote class=\"wp-block-quote is-layout-flow wp-block-quote-is-layout-flow\"><p>Ol\u00e1! Sou mensageiro de bicicleta durante o dia, aspirante a ator \u00e0 noite, e este \u00e9 o meu site. Vivo em Los Angeles, tenho um \u00f3timo cachorro chamado Jack, e gosto de pi\u00f1a coladas. (E de ser pego na chuva.)<\/p><\/blockquote>\n\n<p>&#8230;ou algo assim:<\/p>\n\n<blockquote class=\"wp-block-quote is-layout-flow wp-block-quote-is-layout-flow\"><p>A XYZ Doohickey Company foi fundada em 1971 e tem fornecido doohickeys de qualidade ao p\u00fablico desde ent\u00e3o. Localizada em Gotham City, a XYZ emprega mais de 2.000 pessoas e faz todo tipo de coisas incr\u00edveis para a comunidade de Gotham.<\/p><\/blockquote>\n\n<p>Como novo usu\u00e1rio do WordPress, voc\u00ea deve ir ao <a href=\"https:\/\/flightconcept.pt\/wp-admin\/\">seu painel<\/a> para excluir esta p\u00e1gina e criar novas p\u00e1ginas para o seu conte\u00fado. Divirta-se!<\/p>\n","protected":false},"excerpt":{"rendered":"<p>Esta \u00e9 uma p\u00e1gina de exemplo. \u00c9 diferente de uma postagem de blog porque permanecer\u00e1 em um lugar e aparecer\u00e1 na navega\u00e7\u00e3o do seu site (na maioria dos temas). A maioria das pessoas come\u00e7a com uma p\u00e1gina Sobre que as apresenta aos visitantes potenciais do site. Pode dizer algo como isto: Ol\u00e1! Sou mensageiro de [&hellip;]<\/p>\n","protected":false},"author":22,"featured_media":0,"parent":0,"menu_order":89,"comment_status":"closed","ping_status":"open","template":"","meta":{"_acf_changed":false,"footnotes":""},"folder":[],"class_list":["post-5204","page","type-page","status-publish","hentry"],"acf":[],"_links":{"self":[{"href":"https:\/\/flightconcept.pt\/en\/wp-json\/wp\/v2\/pages\/5204","targetHints":{"allow":["GET"]}}],"collection":[{"href":"https:\/\/flightconcept.pt\/en\/wp-json\/wp\/v2\/pages"}],"about":[{"href":"https:\/\/flightconcept.pt\/en\/wp-json\/wp\/v2\/types\/page"}],"author":[{"embeddable":true,"href":"https:\/\/flightconcept.pt\/en\/wp-json\/wp\/v2\/users\/22"}],"replies":[{"embeddable":true,"href":"https:\/\/flightconcept.pt\/en\/wp-json\/wp\/v2\/comments?post=5204"}],"version-history":[{"count":1,"href":"https:\/\/flightconcept.pt\/en\/wp-json\/wp\/v2\/pages\/5204\/revisions"}],"predecessor-version":[{"id":5205,"href":"https:\/\/flightconcept.pt\/en\/wp-json\/wp\/v2\/pages\/5204\/revisions\/5205"}],"wp:attachment":[{"href":"https:\/\/flightconcept.pt\/en\/wp-json\/wp\/v2\/media?parent=5204"}],"wp:term":[{"taxonomy":"folder","embeddable":true,"href":"https:\/\/flightconcept.pt\/en\/wp-json\/wp\/v2\/folder?post=5204"}],"curies":[{"name":"wp","href":"https:\/\/api.w.org\/{rel}","templated":true}]}}