{"id":5431,"date":"2021-03-04T18:57:30","date_gmt":"2021-03-04T18:57:30","guid":{"rendered":"https:\/\/flightconcept.pt\/quienes-somos\/"},"modified":"2025-11-03T10:20:29","modified_gmt":"2025-11-03T10:20:29","slug":"quienes-somos","status":"publish","type":"page","link":"https:\/\/flightconcept.pt\/es\/quienes-somos\/","title":{"rendered":"Qui\u00e9nes Somos"},"content":{"rendered":"\t\t<div data-elementor-type=\"wp-page\" data-elementor-id=\"5431\" class=\"elementor elementor-5431 elementor-21\" data-elementor-post-type=\"page\">\n\t\t\t\t<div class=\"elementor-element elementor-element-743a494 e-con-full e-ecs-flex e-flex e-con e-parent\" data-id=\"743a494\" data-element_type=\"container\" data-e-type=\"container\" data-settings=\"{&quot;background_background&quot;:&quot;classic&quot;,&quot;ecs_container_type&quot;:&quot;flex&quot;}\">\n\t\t<div class=\"elementor-element elementor-element-c363a7c e-con-full e-ecs-flex e-flex e-con e-child\" data-id=\"c363a7c\" data-element_type=\"container\" data-e-type=\"container\" data-settings=\"{&quot;background_background&quot;:&quot;classic&quot;,&quot;ecs_container_type&quot;:&quot;flex&quot;}\">\n\t\t\t\t<div class=\"elementor-element elementor-element-fde45a9 elementor-widget elementor-widget-heading\" data-id=\"fde45a9\" data-element_type=\"widget\" data-e-type=\"widget\" data-widget_type=\"heading.default\">\n\t\t\t\t<div class=\"elementor-widget-container\">\n\t\t\t\t\t<h1 class=\"elementor-heading-title elementor-size-default\">Qui\u00e9nes Somos<\/h1>\t\t\t\t<\/div>\n\t\t\t\t<\/div>\n\t\t\t\t<div class=\"elementor-element elementor-element-b866ab0 elementor-widget elementor-widget-heading\" data-id=\"b866ab0\" data-element_type=\"widget\" data-e-type=\"widget\" data-widget_type=\"heading.default\">\n\t\t\t\t<div class=\"elementor-widget-container\">\n\t\t\t\t\t<h2 class=\"elementor-heading-title elementor-size-default\">Bienvenido a bordo<\/h2>\t\t\t\t<\/div>\n\t\t\t\t<\/div>\n\t\t\t\t<div class=\"elementor-element elementor-element-e00fbd4 elementor-widget elementor-widget-text-editor\" data-id=\"e00fbd4\" data-element_type=\"widget\" data-e-type=\"widget\" data-widget_type=\"text-editor.default\">\n\t\t\t\t<div class=\"elementor-widget-container\">\n\t\t\t\t\t\t\t\t\t<p>Con la misi\u00f3n de abrir la cabina al mundo, en <strong>Flight Concept<\/strong> ofrecemos verdaderas experiencias inmersivas de vuelo y pilotaje, tanto a entusiastas aficionados, como a estudiantes audaces o profesionales dedicados que quieren entrenar procedimientos para volar.<\/p>\n<p>Para ello contamos con simuladores de vuelo de alta gama y visuales exteriores de alta definici\u00f3n tanto en el <strong>Airbus A320<\/strong>, como en el <strong>Boeing 737-800 NG<\/strong> o incluso realidad virtual en el caza <strong>F18 Hornet Fly Fighter VR<\/strong>, que recrean la realidad de forma espectacular y le proporcionan una visi\u00f3n diferente sobre la profesi\u00f3n de piloto y el arte de volar.<\/p>\n<p>Nuestro equipo joven y din\u00e1mico, que incluye instructores de vuelo experimentados, le acompa\u00f1a a lo largo de todo su recorrido con nosotros \u2013 desde el check-in al despegue, del aterrizaje a la salida \u2013 asumiendo un compromiso: servirle siempre con elevados, rigurosos y consistentes est\u00e1ndares de excelencia con nuestro conocimiento y experiencia, somos l\u00edderes en entretenimiento de simulaci\u00f3n de vuelo para el p\u00fablico en general.<\/p>\n<p>Conozca los diferentes programas creados para particulares y empresas, individuales o de grupo y para profesionales de la aviaci\u00f3n que, con diversos formatos y duraciones, representan experiencias muy realistas, diversi\u00f3n absoluta y recuerdos \u00fanicos y realmente emocionantes.<\/p>\n<p>Gracias por elegir Flight Concept.<\/p>\n<p><strong>\u00a1Le deseamos un excelente viaje!<\/strong><\/p>\t\t\t\t\t\t\t\t<\/div>\n\t\t\t\t<\/div>\n\t\t<div class=\"elementor-element elementor-element-f07b6be e-con-full e-ecs-flex e-flex e-con e-child\" data-id=\"f07b6be\" data-element_type=\"container\" data-e-type=\"container\" data-settings=\"{&quot;ecs_container_type&quot;:&quot;flex&quot;}\">\n\t\t\t\t<div class=\"elementor-element elementor-element-68ad386 elementor-align-left elementor-widget elementor-widget-button\" data-id=\"68ad386\" data-element_type=\"widget\" data-e-type=\"widget\" data-widget_type=\"button.default\">\n\t\t\t\t<div class=\"elementor-widget-container\">\n\t\t\t\t\t\t\t\t\t<div class=\"elementor-button-wrapper\">\n\t\t\t\t\t<a class=\"elementor-button elementor-button-link elementor-size-sm\" href=\"https:\/\/flightconcept.pt\/es\/tienda\/\">\n\t\t\t\t\t\t<span class=\"elementor-button-content-wrapper\">\n\t\t\t\t\t\t\t\t\t<span class=\"elementor-button-text\">Tienda<\/span>\n\t\t\t\t\t<\/span>\n\t\t\t\t\t<\/a>\n\t\t\t\t<\/div>\n\t\t\t\t\t\t\t\t<\/div>\n\t\t\t\t<\/div>\n\t\t\t\t<div class=\"elementor-element elementor-element-233f0c8 elementor-align-left elementor-widget elementor-widget-button\" data-id=\"233f0c8\" data-element_type=\"widget\" data-e-type=\"widget\" data-widget_type=\"button.default\">\n\t\t\t\t<div class=\"elementor-widget-container\">\n\t\t\t\t\t\t\t\t\t<div class=\"elementor-button-wrapper\">\n\t\t\t\t\t<a class=\"elementor-button elementor-button-link elementor-size-sm\" href=\"https:\/\/flightconcept.pt\/es\/simuladores\/\">\n\t\t\t\t\t\t<span class=\"elementor-button-content-wrapper\">\n\t\t\t\t\t\t\t\t\t<span class=\"elementor-button-text\">Simuladores<\/span>\n\t\t\t\t\t<\/span>\n\t\t\t\t\t<\/a>\n\t\t\t\t<\/div>\n\t\t\t\t\t\t\t\t<\/div>\n\t\t\t\t<\/div>\n\t\t\t\t<\/div>\n\t\t\t\t<\/div>\n\t\t<div class=\"elementor-element elementor-element-8efc920 e-con-full e-ecs-flex e-flex e-con e-child\" data-id=\"8efc920\" data-element_type=\"container\" data-e-type=\"container\" data-settings=\"{&quot;background_background&quot;:&quot;classic&quot;,&quot;ecs_container_type&quot;:&quot;flex&quot;}\">\n\t\t\t\t<\/div>\n\t\t\t\t<\/div>\n\t\t<div class=\"elementor-element elementor-element-beea26d e-ecs-flex e-flex e-con-boxed e-con e-parent\" data-id=\"beea26d\" data-element_type=\"container\" data-e-type=\"container\" data-settings=\"{&quot;ecs_container_type&quot;:&quot;flex&quot;}\">\n\t\t\t\t\t<div class=\"e-con-inner\">\n\t\t\t\t\t<\/div>\n\t\t\t\t<\/div>\n\t\t\t\t<\/div>\n\t\t","protected":false},"excerpt":{"rendered":"<p>Qui\u00e9nes Somos Bienvenido a bordo Con la misi\u00f3n de abrir la cabina al mundo, en Flight Concept ofrecemos verdaderas experiencias inmersivas de vuelo y pilotaje, tanto a entusiastas aficionados, como a estudiantes audaces o profesionales dedicados que quieren entrenar procedimientos para volar. Para ello contamos con simuladores de vuelo de alta gama y visuales exteriores [&hellip;]<\/p>\n","protected":false},"author":22,"featured_media":0,"parent":0,"menu_order":100,"comment_status":"closed","ping_status":"closed","template":"","meta":{"_acf_changed":false,"footnotes":""},"folder":[],"class_list":["post-5431","page","type-page","status-publish","hentry"],"acf":[],"_links":{"self":[{"href":"https:\/\/flightconcept.pt\/es\/wp-json\/wp\/v2\/pages\/5431","targetHints":{"allow":["GET"]}}],"collection":[{"href":"https:\/\/flightconcept.pt\/es\/wp-json\/wp\/v2\/pages"}],"about":[{"href":"https:\/\/flightconcept.pt\/es\/wp-json\/wp\/v2\/types\/page"}],"author":[{"embeddable":true,"href":"https:\/\/flightconcept.pt\/es\/wp-json\/wp\/v2\/users\/22"}],"replies":[{"embeddable":true,"href":"https:\/\/flightconcept.pt\/es\/wp-json\/wp\/v2\/comments?post=5431"}],"version-history":[{"count":2,"href":"https:\/\/flightconcept.pt\/es\/wp-json\/wp\/v2\/pages\/5431\/revisions"}],"predecessor-version":[{"id":6008,"href":"https:\/\/flightconcept.pt\/es\/wp-json\/wp\/v2\/pages\/5431\/revisions\/6008"}],"wp:attachment":[{"href":"https:\/\/flightconcept.pt\/es\/wp-json\/wp\/v2\/media?parent=5431"}],"wp:term":[{"taxonomy":"folder","embeddable":true,"href":"https:\/\/flightconcept.pt\/es\/wp-json\/wp\/v2\/folder?post=5431"}],"curies":[{"name":"wp","href":"https:\/\/api.w.org\/{rel}","templated":true}]}}