{"id":5453,"date":"2021-03-04T19:46:19","date_gmt":"2021-03-04T19:46:19","guid":{"rendered":"https:\/\/flightconcept.pt\/cookies\/"},"modified":"2025-10-15T09:30:46","modified_gmt":"2025-10-15T09:30:46","slug":"cookies","status":"publish","type":"page","link":"https:\/\/flightconcept.pt\/es\/cookies\/","title":{"rendered":"Cookies"},"content":{"rendered":"\t\t<div data-elementor-type=\"wp-page\" data-elementor-id=\"5453\" class=\"elementor elementor-5453 elementor-49\" data-elementor-post-type=\"page\">\n\t\t\t\t\t\t<section class=\"elementor-section elementor-top-section elementor-element elementor-element-cd5e744 elementor-section-boxed elementor-section-height-default elementor-section-height-default\" data-id=\"cd5e744\" data-element_type=\"section\" data-e-type=\"section\">\n\t\t\t\t\t\t<div class=\"elementor-container elementor-column-gap-default\">\n\t\t\t\t\t<div class=\"elementor-column elementor-col-100 elementor-top-column elementor-element elementor-element-76a610a5\" data-id=\"76a610a5\" data-element_type=\"column\" data-e-type=\"column\">\n\t\t\t<div class=\"elementor-widget-wrap elementor-element-populated\">\n\t\t\t\t\t\t<div class=\"elementor-element elementor-element-74cdf3a elementor-widget elementor-widget-heading\" data-id=\"74cdf3a\" data-element_type=\"widget\" data-e-type=\"widget\" data-widget_type=\"heading.default\">\n\t\t\t\t<div class=\"elementor-widget-container\">\n\t\t\t\t\t<h1 class=\"elementor-heading-title elementor-size-default\">Declaraci\u00f3n de Cookies<\/h1>\t\t\t\t<\/div>\n\t\t\t\t<\/div>\n\t\t\t\t<div class=\"elementor-element elementor-element-747c76fd elementor-widget elementor-widget-text-editor\" data-id=\"747c76fd\" data-element_type=\"widget\" data-e-type=\"widget\" data-widget_type=\"text-editor.default\">\n\t\t\t\t<div class=\"elementor-widget-container\">\n\t\t\t\t\t\t\t\t\t\n<p>\u00daltima actualizaci\u00f3n: 10\/10\/2025<br><br>Esta Declaraci\u00f3n de Cookies explica c\u00f3mo Flight Concept \/ 4 Tech Lda., utiliza cookies y tecnolog\u00edas similares para reconocerle cuando visita nuestro sitio web en http:\/\/www.flightconcept.pt. Explica qu\u00e9 son estas tecnolog\u00edas y por qu\u00e9 las utilizamos, as\u00ed como sus derechos de control sobre c\u00f3mo las utilizamos.<\/p>\n<p>\u00bfQu\u00e9 son las cookies?<\/p>\n<p>Las \u00abcookies\u00bb son peque\u00f1as etiquetas de software que se almacenan en los equipos de acceso a trav\u00e9s del navegador (browser), conservando \u00fanicamente informaci\u00f3n relacionada con las preferencias, que no se utilizan para identificar personalmente a los usuarios, no incluyendo, como tal, los datos personales.<\/p>\n<p>\u00bfPara qu\u00e9 sirven las cookies?<\/p>\n<p>Las cookies sirven para ayudar a determinar la utilidad, inter\u00e9s y el n\u00famero de usos del sitio web, permitiendo una navegaci\u00f3n m\u00e1s r\u00e1pida y eficiente, eliminando la necesidad de introducir de forma repetida la misma informaci\u00f3n.<\/p>\n<p>\u00bfQu\u00e9 tipo de cookies existen?<\/p>\n<p>Existen dos grupos de cookies que pueden utilizarse:<\/p>\n<p>Cookies permanentes \u2013 son cookies que quedan almacenadas a nivel del navegador en los equipos de acceso (PC, m\u00f3vil y tablet) y que se utilizan siempre que realiza una nueva visita al sitio web de Flight Concept. Se utilizan, generalmente, para dirigir la navegaci\u00f3n hacia los intereses del usuario, permitiendo prestar un servicio m\u00e1s personalizado. <\/p>\n<p>Cookies de sesi\u00f3n \u2013 son cookies temporales que permanecen en el archivo de cookies del navegador hasta salir del sitio web, cerrar sesi\u00f3n o limpiar las cookies. La informaci\u00f3n obtenida por estas cookies sirve para analizar patrones de tr\u00e1fico en la web, permitiendo identificar problemas y proporcionar una mejor experiencia de navegaci\u00f3n. <\/p>\n<p>\u00bfPara qu\u00e9 fines utilizamos cookies?<\/p>\n<p>Cookies estrictamente necesarias \u2013 Permiten la navegaci\u00f3n en el sitio web y utilizaci\u00f3n de las aplicaciones, as\u00ed como acceder a \u00e1reas seguras del sitio web. Si no acepta estas cookies, no podremos proporcionar el servicio en cuesti\u00f3n. <\/p>\n<p>Cookies anal\u00edticas \u2013 Se utilizan de forma an\u00f3nima para efectos de creaci\u00f3n y an\u00e1lisis de estad\u00edsticas, con el fin de mejorar el funcionamiento del sitio web.<br>Cookies de funcionalidad \u2013 Guardan las preferencias del usuario respecto al uso del sitio, para que no sea necesario volver a configurar el sitio cada vez que lo visita.<\/p>\n<p>Cookies de publicidad \u2013 Dirigen la publicidad en funci\u00f3n de los intereses de cada usuario, con el fin de dirigir las campa\u00f1as publicitarias teniendo en cuenta los gustos de los usuarios, siendo que, adem\u00e1s, limitan la cantidad de veces que ve el anuncio, ayudando a medir la eficacia de la publicidad y el \u00e9xito de la organizaci\u00f3n del sitio web.<\/p>\n<p>Si desea conocer las principales cookies utilizadas en nuestro sitio web y sus respectivas finalidades consulte aqu\u00ed.<\/p>\n<p>\u00bfC\u00f3mo puede gestionar las cookies?<\/p>\n<p>Todos los navegadores permiten al usuario aceptar, rechazar o eliminar cookies, e incluso informar al usuario siempre que se recibe una cookie. El usuario puede configurar las cookies en el men\u00fa \u00abopciones\u00bb o \u00abpreferencias\u00bb de su navegador. <\/p>\n<p>Podr\u00e1 aceptar la utilizaci\u00f3n de cookies, a trav\u00e9s del bot\u00f3n Aceptar cookies presente en la p\u00e1gina informativa que consta en el sitio web.<\/p>\n<p>Sin embargo, en caso de que no permita el uso de cookies, esto puede impedir que algunas funcionalidades del sitio web funcionen correctamente, afectando, parcial o totalmente, la navegaci\u00f3n en el sitio web.<\/p>\n<p>Para consultar de qu\u00e9 forma puede gestionar las opciones de cookies de su navegador, por favor seleccione el navegador que est\u00e1 utilizando.<br>\u2022 Google Chrome<br>\u2022 Mozilla Firefox<br>\u2022 Internet Explorer<br>\u2022 Microsoft Edge<br>\u2022 Safari<br>\u2022 Opera<\/p>\n<p>\u00bfCon qu\u00e9 frecuencia actualizar\u00e1 Flight Concept esta Declaraci\u00f3n de Cookies?<\/p>\n<p>Podremos actualizar esta Declaraci\u00f3n de Cookies ocasionalmente para reflejar, por ejemplo, cambios en las cookies que utilizamos o por otras razones operativas, legales o regulatorias. Consulte, por tanto, esta Declaraci\u00f3n de Cookies regularmente para mantenerse informado sobre nuestro uso de cookies y tecnolog\u00edas relacionadas. <\/p>\n<p>La fecha en la parte superior de esta Declaraci\u00f3n de Cookies indica cu\u00e1ndo fue actualizada por \u00faltima vez.<\/p>\n<p> <\/p>\n\t\t\t\t\t\t\t\t<\/div>\n\t\t\t\t<\/div>\n\t\t\t\t\t<\/div>\n\t\t<\/div>\n\t\t\t\t\t<\/div>\n\t\t<\/section>\n\t\t\t\t<\/div>\n\t\t","protected":false},"excerpt":{"rendered":"<p>Declaraci\u00f3n de Cookies \u00daltima actualizaci\u00f3n: 10\/10\/2025 Esta Declaraci\u00f3n de Cookies explica c\u00f3mo Flight Concept \/ 4 Tech Lda., utiliza cookies y tecnolog\u00edas similares para reconocerle cuando visita nuestro sitio web en http:\/\/www.flightconcept.pt. Explica qu\u00e9 son estas tecnolog\u00edas y por qu\u00e9 las utilizamos, as\u00ed como sus derechos de control sobre c\u00f3mo las utilizamos. \u00bfQu\u00e9 son las [&hellip;]<\/p>\n","protected":false},"author":22,"featured_media":0,"parent":0,"menu_order":95,"comment_status":"closed","ping_status":"closed","template":"","meta":{"_acf_changed":false,"footnotes":""},"folder":[],"class_list":["post-5453","page","type-page","status-publish","hentry"],"acf":[],"_links":{"self":[{"href":"https:\/\/flightconcept.pt\/es\/wp-json\/wp\/v2\/pages\/5453","targetHints":{"allow":["GET"]}}],"collection":[{"href":"https:\/\/flightconcept.pt\/es\/wp-json\/wp\/v2\/pages"}],"about":[{"href":"https:\/\/flightconcept.pt\/es\/wp-json\/wp\/v2\/types\/page"}],"author":[{"embeddable":true,"href":"https:\/\/flightconcept.pt\/es\/wp-json\/wp\/v2\/users\/22"}],"replies":[{"embeddable":true,"href":"https:\/\/flightconcept.pt\/es\/wp-json\/wp\/v2\/comments?post=5453"}],"version-history":[{"count":4,"href":"https:\/\/flightconcept.pt\/es\/wp-json\/wp\/v2\/pages\/5453\/revisions"}],"predecessor-version":[{"id":5987,"href":"https:\/\/flightconcept.pt\/es\/wp-json\/wp\/v2\/pages\/5453\/revisions\/5987"}],"wp:attachment":[{"href":"https:\/\/flightconcept.pt\/es\/wp-json\/wp\/v2\/media?parent=5453"}],"wp:term":[{"taxonomy":"folder","embeddable":true,"href":"https:\/\/flightconcept.pt\/es\/wp-json\/wp\/v2\/folder?post=5453"}],"curies":[{"name":"wp","href":"https:\/\/api.w.org\/{rel}","templated":true}]}}