{"id":5618,"date":"2023-10-31T14:59:33","date_gmt":"2023-10-31T14:59:33","guid":{"rendered":"https:\/\/flightconcept.pt\/regalos-de-navidad-para-novia\/"},"modified":"2025-11-04T17:40:22","modified_gmt":"2025-11-04T17:40:22","slug":"regalos-de-navidad-para-novia","status":"publish","type":"page","link":"https:\/\/flightconcept.pt\/es\/regalos-de-navidad-para-novia\/","title":{"rendered":"Regalos de Navidad para novia"},"content":{"rendered":"\t\t<div data-elementor-type=\"wp-page\" data-elementor-id=\"5618\" class=\"elementor elementor-5618 elementor-3212\" data-elementor-post-type=\"page\">\n\t\t\t\t<div class=\"elementor-element elementor-element-4a0be83 e-ecs-flex e-flex e-con-boxed e-con e-parent\" data-id=\"4a0be83\" data-element_type=\"container\" data-e-type=\"container\" data-settings=\"{&quot;ecs_container_type&quot;:&quot;flex&quot;}\">\n\t\t\t\t\t<div class=\"e-con-inner\">\n\t\t<div class=\"elementor-element elementor-element-34b891ce e-con-full e-ecs-flex e-flex e-con e-child\" data-id=\"34b891ce\" data-element_type=\"container\" data-e-type=\"container\" data-settings=\"{&quot;ecs_container_type&quot;:&quot;flex&quot;}\">\n\t\t\t\t<div class=\"elementor-element elementor-element-402ffd9 elementor-widget elementor-widget-heading\" data-id=\"402ffd9\" data-element_type=\"widget\" data-e-type=\"widget\" data-widget_type=\"heading.default\">\n\t\t\t\t<div class=\"elementor-widget-container\">\n\t\t\t\t\t<h1 class=\"elementor-heading-title elementor-size-default\">Regalos de Navidad para novias<\/h1>\t\t\t\t<\/div>\n\t\t\t\t<\/div>\n\t\t\t\t<div class=\"elementor-element elementor-element-7be99855 elementor-widget elementor-widget-text-editor\" data-id=\"7be99855\" data-element_type=\"widget\" data-e-type=\"widget\" data-widget_type=\"text-editor.default\">\n\t\t\t\t<div class=\"elementor-widget-container\">\n\t\t\t\t\t\t\t\t\t<p><strong>\u00bfRegalos de Navidad para novia?<\/strong> Esta Navidad, ofrezca algo verdaderamente inolvidable. \u00a1Imagine la sensaci\u00f3n de su novia al pilotar un F18 Hornet con realidad virtual! Nuestras experiencias de vuelo son tan realistas que la transportar\u00e1n a un mundo de aventura y adrenalina. Ofrezca un regalo de Navidad lleno de emoci\u00f3n en nuestros simuladores de vuelo realistas.   <br><strong>\u00a1Ofr\u00e9zcale un vale de Navidad personalizado que le encantar\u00e1!<\/strong><\/p>\t\t\t\t\t\t\t\t<\/div>\n\t\t\t\t<\/div>\n\t\t\t\t<div class=\"elementor-element elementor-element-fe53053 elementor-widget elementor-widget-button\" data-id=\"fe53053\" data-element_type=\"widget\" data-e-type=\"widget\" data-widget_type=\"button.default\">\n\t\t\t\t<div class=\"elementor-widget-container\">\n\t\t\t\t\t\t\t\t\t<div class=\"elementor-button-wrapper\">\n\t\t\t\t\t<a class=\"elementor-button elementor-button-link elementor-size-md\" href=\"#prendasdenatal\">\n\t\t\t\t\t\t<span class=\"elementor-button-content-wrapper\">\n\t\t\t\t\t\t\t\t\t<span class=\"elementor-button-text\">ESCOGER EL REGALO<\/span>\n\t\t\t\t\t<\/span>\n\t\t\t\t\t<\/a>\n\t\t\t\t<\/div>\n\t\t\t\t\t\t\t\t<\/div>\n\t\t\t\t<\/div>\n\t\t\t\t<\/div>\n\t\t<div class=\"elementor-element elementor-element-7826e05e e-con-full e-ecs-flex e-flex e-con e-child\" data-id=\"7826e05e\" data-element_type=\"container\" data-e-type=\"container\" data-settings=\"{&quot;ecs_container_type&quot;:&quot;flex&quot;}\">\n\t\t\t\t<div class=\"elementor-element elementor-element-623b22b0 elementor-widget elementor-widget-image\" data-id=\"623b22b0\" data-element_type=\"widget\" data-e-type=\"widget\" data-widget_type=\"image.default\">\n\t\t\t\t<div class=\"elementor-widget-container\">\n\t\t\t\t\t\t\t\t\t\t\t\t\t\t\t<img decoding=\"async\" src=\"https:\/\/flightconcept.pt\/wp-content\/uploads\/elementor\/thumbs\/Prendas-de-natal-para-namorada-re7ykob2mkyoisooxh31jgq5csfmtoerst6zjpffz4.jpg\" title=\"Regalos de Navidad para novia\" alt=\"Regalos de Navidad para novia\" loading=\"lazy\" \/>\t\t\t\t\t\t\t\t\t\t\t\t\t\t\t<\/div>\n\t\t\t\t<\/div>\n\t\t\t\t<\/div>\n\t\t\t\t\t<\/div>\n\t\t\t\t<\/div>\n\t\t<div class=\"elementor-element elementor-element-44e30a5c e-ecs-flex e-flex e-con-boxed e-con e-parent\" data-id=\"44e30a5c\" data-element_type=\"container\" data-e-type=\"container\" data-settings=\"{&quot;background_background&quot;:&quot;classic&quot;,&quot;ecs_container_type&quot;:&quot;flex&quot;}\">\n\t\t\t\t\t<div class=\"e-con-inner\">\n\t\t\t\t<div class=\"elementor-element elementor-element-32ce8316 elementor-widget elementor-widget-heading\" data-id=\"32ce8316\" data-element_type=\"widget\" data-e-type=\"widget\" data-widget_type=\"heading.default\">\n\t\t\t\t<div class=\"elementor-widget-container\">\n\t\t\t\t\t<h2 class=\"elementor-heading-title elementor-size-default\">Si busca una sorpresa inolvidable, \u00a1conozca nuestros regalos de Navidad para novia!<\/h2>\t\t\t\t<\/div>\n\t\t\t\t<\/div>\n\t\t\t\t<div class=\"elementor-element elementor-element-14e81487 elementor-widget elementor-widget-text-editor\" data-id=\"14e81487\" data-element_type=\"widget\" data-e-type=\"widget\" data-widget_type=\"text-editor.default\">\n\t\t\t\t<div class=\"elementor-widget-container\">\n\t\t\t\t\t\t\t\t\t<p>Ofrezca una sensaci\u00f3n \u00fanica de comandar las alturas en un simulador de vuelo real. \u00a1Reserve ya el <strong>Regalo de Navidad para Novia<\/strong> con esta aventura a\u00e9rea inolvidable! <\/p>\t\t\t\t\t\t\t\t<\/div>\n\t\t\t\t<\/div>\n\t\t\t\t<div class=\"elementor-element elementor-element-75e5c855 elementor-grid-3 elementor-grid-tablet-3 elementor-grid-mobile-2 elementor-products-grid elementor-wc-products elementor-widget elementor-widget-woocommerce-products\" data-id=\"75e5c855\" data-element_type=\"widget\" data-e-type=\"widget\" id=\"prendasdenatal\" data-widget_type=\"woocommerce-products.default\">\n\t\t\t\t<div class=\"elementor-widget-container\">\n\t\t\t\t\t<div class=\"woocommerce columns-3 \"><ul class=\"products elementor-grid columns-3\">\n<li class=\"product type-product post-5786 status-publish first instock product_cat-experiencias-y-desafios product_cat-packs-para-1-persona product_tag-78 product_tag-a320 has-post-thumbnail taxable shipping-taxable purchasable product-type-variable\">\n\t<a href=\"https:\/\/flightconcept.pt\/es\/loja\/experiencias-y-desafios\/piloto-por-un-dia\/\" class=\"woocommerce-LoopProduct-link woocommerce-loop-product__link\"><img fetchpriority=\"high\" decoding=\"async\" width=\"300\" height=\"400\" src=\"https:\/\/flightconcept.pt\/wp-content\/uploads\/2023\/05\/5498560E-AADB-4487-8EDE-8E2AC53FA1C5_1_102_a-min-300x400.jpeg\" class=\"attachment-woocommerce_thumbnail size-woocommerce_thumbnail\" alt=\"Piloto por un d\u00eda\" \/><h2 class=\"woocommerce-loop-product__title\">Piloto por un d\u00eda<\/h2>\n\t<span class=\"price\"><span class=\"woocommerce-Price-amount amount\"><bdi><span class=\"woocommerce-Price-currencySymbol\">&euro;<\/span>99.00<\/bdi><\/span><\/span>\n<\/a><a href=\"https:\/\/flightconcept.pt\/es\/loja\/experiencias-y-desafios\/piloto-por-un-dia\/\" aria-describedby=\"woocommerce_loop_add_to_cart_link_describedby_5786\" data-quantity=\"1\" class=\"button product_type_variable add_to_cart_button\" data-product_id=\"5786\" data-product_sku=\"\" aria-label=\"Elige las opciones para &ldquo;Piloto por un d\u00eda&rdquo;\" rel=\"nofollow\">Seleccionar opciones<\/a>\t<span id=\"woocommerce_loop_add_to_cart_link_describedby_5786\" class=\"screen-reader-text\">\n\t\tEste producto tiene m\u00faltiples variantes. Las opciones se pueden elegir en la p\u00e1gina de producto\t<\/span>\n<span class=\"gtm4wp_productdata\" style=\"display:none; visibility:hidden;\" data-gtm4wp_product_data=\"{&quot;internal_id&quot;:5786,&quot;item_id&quot;:5786,&quot;item_name&quot;:&quot;Piloto por un d\\u00eda&quot;,&quot;sku&quot;:5786,&quot;price&quot;:99,&quot;stocklevel&quot;:null,&quot;stockstatus&quot;:&quot;instock&quot;,&quot;google_business_vertical&quot;:&quot;retail&quot;,&quot;item_category&quot;:&quot;Experiencias y desaf\\u00edos&quot;,&quot;id&quot;:5786,&quot;item_brand&quot;:&quot;Packs para 1 persona&quot;,&quot;productlink&quot;:&quot;https:\\\/\\\/flightconcept.pt\\\/es\\\/loja\\\/experiencias-y-desafios\\\/piloto-por-un-dia\\\/&quot;,&quot;item_list_name&quot;:&quot;Lista general de productos&quot;,&quot;index&quot;:1,&quot;product_type&quot;:&quot;variable&quot;}\"><\/span><span class=\"gtmkit_product_data\" style=\"display:none;visibility:hidden\" data-gtmkit_product_id=\"5786\" data-gtmkit_product_data=\"{&quot;id&quot;:&quot;5786&quot;,&quot;item_id&quot;:&quot;5786&quot;,&quot;item_name&quot;:&quot;Piloto por un d\\u00eda&quot;,&quot;currency&quot;:&quot;EUR&quot;,&quot;price&quot;:99,&quot;item_category&quot;:&quot;Experiencias y desaf\\u00edos&quot;,&quot;item_list_name&quot;:&quot;Lista de productos&quot;,&quot;index&quot;:1}\"><\/span><\/li>\n<li class=\"product type-product post-5777 status-publish instock product_cat-experiencias-y-desafios product_cat-packs-para-1-persona product_tag-78 product_tag-a320 has-post-thumbnail taxable shipping-taxable purchasable product-type-variable\">\n\t<a href=\"https:\/\/flightconcept.pt\/es\/loja\/experiencias-y-desafios\/vuelo-junior\/\" class=\"woocommerce-LoopProduct-link woocommerce-loop-product__link\"><img decoding=\"async\" width=\"300\" height=\"400\" src=\"https:\/\/flightconcept.pt\/wp-content\/uploads\/2022\/12\/westwind-air-service-LT1WeeVzd6g-unsplash-300x400.jpg\" class=\"attachment-woocommerce_thumbnail size-woocommerce_thumbnail\" alt=\"Vuelo junior\" \/><h2 class=\"woocommerce-loop-product__title\">Vuelo junior<\/h2>\n\t<span class=\"price\"><span class=\"woocommerce-Price-amount amount\"><bdi><span class=\"woocommerce-Price-currencySymbol\">&euro;<\/span>75.00<\/bdi><\/span><\/span>\n<\/a><a href=\"https:\/\/flightconcept.pt\/es\/loja\/experiencias-y-desafios\/vuelo-junior\/\" aria-describedby=\"woocommerce_loop_add_to_cart_link_describedby_5777\" data-quantity=\"1\" class=\"button product_type_variable add_to_cart_button\" data-product_id=\"5777\" data-product_sku=\"\" aria-label=\"Elige las opciones para &ldquo;Vuelo junior&rdquo;\" rel=\"nofollow\">Seleccionar opciones<\/a>\t<span id=\"woocommerce_loop_add_to_cart_link_describedby_5777\" class=\"screen-reader-text\">\n\t\tEste producto tiene m\u00faltiples variantes. Las opciones se pueden elegir en la p\u00e1gina de producto\t<\/span>\n<span class=\"gtm4wp_productdata\" style=\"display:none; visibility:hidden;\" data-gtm4wp_product_data=\"{&quot;internal_id&quot;:5777,&quot;item_id&quot;:5777,&quot;item_name&quot;:&quot;Vuelo junior&quot;,&quot;sku&quot;:5777,&quot;price&quot;:75,&quot;stocklevel&quot;:null,&quot;stockstatus&quot;:&quot;instock&quot;,&quot;google_business_vertical&quot;:&quot;retail&quot;,&quot;item_category&quot;:&quot;Experiencias y desaf\\u00edos&quot;,&quot;id&quot;:5777,&quot;item_brand&quot;:&quot;Packs para 1 persona&quot;,&quot;productlink&quot;:&quot;https:\\\/\\\/flightconcept.pt\\\/es\\\/loja\\\/experiencias-y-desafios\\\/vuelo-junior\\\/&quot;,&quot;item_list_name&quot;:&quot;Lista general de productos&quot;,&quot;index&quot;:2,&quot;product_type&quot;:&quot;variable&quot;}\"><\/span><span class=\"gtmkit_product_data\" style=\"display:none;visibility:hidden\" data-gtmkit_product_id=\"5777\" data-gtmkit_product_data=\"{&quot;id&quot;:&quot;5777&quot;,&quot;item_id&quot;:&quot;5777&quot;,&quot;item_name&quot;:&quot;Vuelo junior&quot;,&quot;currency&quot;:&quot;EUR&quot;,&quot;price&quot;:75,&quot;item_category&quot;:&quot;Experiencias y desaf\\u00edos&quot;,&quot;item_list_name&quot;:&quot;Lista de productos&quot;,&quot;index&quot;:2}\"><\/span><\/li>\n<li class=\"product type-product post-5788 status-publish last instock product_cat-experiencias-y-desafios product_cat-packs-para-1-persona product_tag-a320 has-post-thumbnail taxable shipping-taxable purchasable product-type-variable\">\n\t<a href=\"https:\/\/flightconcept.pt\/es\/loja\/experiencias-y-desafios\/piloto-de-tap-por-un-dia\/\" class=\"woocommerce-LoopProduct-link woocommerce-loop-product__link\"><img decoding=\"async\" width=\"300\" height=\"400\" src=\"https:\/\/flightconcept.pt\/wp-content\/uploads\/2021\/03\/pilotoporumdia-300x400.jpg\" class=\"attachment-woocommerce_thumbnail size-woocommerce_thumbnail\" alt=\"Piloto de TAP por un d\u00eda\" \/><h2 class=\"woocommerce-loop-product__title\">Piloto de TAP por un d\u00eda<\/h2>\n\t<span class=\"price\"><span class=\"woocommerce-Price-amount amount\"><bdi><span class=\"woocommerce-Price-currencySymbol\">&euro;<\/span>140.00<\/bdi><\/span><\/span>\n<\/a><a href=\"https:\/\/flightconcept.pt\/es\/loja\/experiencias-y-desafios\/piloto-de-tap-por-un-dia\/\" aria-describedby=\"woocommerce_loop_add_to_cart_link_describedby_5788\" data-quantity=\"1\" class=\"button product_type_variable add_to_cart_button\" data-product_id=\"5788\" data-product_sku=\"A320PTAP\" aria-label=\"Elige las opciones para &ldquo;Piloto de TAP por un d\u00eda&rdquo;\" rel=\"nofollow\">Seleccionar opciones<\/a>\t<span id=\"woocommerce_loop_add_to_cart_link_describedby_5788\" class=\"screen-reader-text\">\n\t\tEste producto tiene m\u00faltiples variantes. Las opciones se pueden elegir en la p\u00e1gina de producto\t<\/span>\n<span class=\"gtm4wp_productdata\" style=\"display:none; visibility:hidden;\" data-gtm4wp_product_data=\"{&quot;internal_id&quot;:5788,&quot;item_id&quot;:5788,&quot;item_name&quot;:&quot;Piloto de TAP por un d\\u00eda&quot;,&quot;sku&quot;:&quot;A320PTAP&quot;,&quot;price&quot;:140,&quot;stocklevel&quot;:null,&quot;stockstatus&quot;:&quot;instock&quot;,&quot;google_business_vertical&quot;:&quot;retail&quot;,&quot;item_category&quot;:&quot;Experiencias y desaf\\u00edos&quot;,&quot;id&quot;:5788,&quot;item_brand&quot;:&quot;Packs para 1 persona&quot;,&quot;productlink&quot;:&quot;https:\\\/\\\/flightconcept.pt\\\/es\\\/loja\\\/experiencias-y-desafios\\\/piloto-de-tap-por-un-dia\\\/&quot;,&quot;item_list_name&quot;:&quot;Lista general de productos&quot;,&quot;index&quot;:3,&quot;product_type&quot;:&quot;variable&quot;}\"><\/span><span class=\"gtmkit_product_data\" style=\"display:none;visibility:hidden\" data-gtmkit_product_id=\"5788\" data-gtmkit_product_data=\"{&quot;id&quot;:&quot;5788&quot;,&quot;item_id&quot;:&quot;5788&quot;,&quot;item_name&quot;:&quot;Piloto de TAP por un d\\u00eda&quot;,&quot;currency&quot;:&quot;EUR&quot;,&quot;price&quot;:140,&quot;item_category&quot;:&quot;Experiencias y desaf\\u00edos&quot;,&quot;item_list_name&quot;:&quot;Lista de productos&quot;,&quot;index&quot;:3}\"><\/span><\/li>\n<\/ul>\n<\/div>\t\t\t\t<\/div>\n\t\t\t\t<\/div>\n\t\t\t\t\t<\/div>\n\t\t\t\t<\/div>\n\t\t<div class=\"elementor-element elementor-element-fb11137 e-ecs-flex e-flex e-con-boxed e-con e-parent\" data-id=\"fb11137\" data-element_type=\"container\" data-e-type=\"container\" data-settings=\"{&quot;ecs_container_type&quot;:&quot;flex&quot;}\">\n\t\t\t\t\t<div class=\"e-con-inner\">\n\t\t\t\t<div class=\"elementor-element elementor-element-3859880 elementor-widget elementor-widget-heading\" data-id=\"3859880\" data-element_type=\"widget\" data-e-type=\"widget\" data-widget_type=\"heading.default\">\n\t\t\t\t<div class=\"elementor-widget-container\">\n\t\t\t\t\t<h2 class=\"elementor-heading-title elementor-size-default\">Preguntas frecuentes<\/h2>\t\t\t\t<\/div>\n\t\t\t\t<\/div>\n\t\t\t\t<div class=\"elementor-element elementor-element-6efa0a4 elementor-widget elementor-widget-text-editor\" data-id=\"6efa0a4\" data-element_type=\"widget\" data-e-type=\"widget\" data-widget_type=\"text-editor.default\">\n\t\t\t\t<div class=\"elementor-widget-container\">\n\t\t\t\t\t\t\t\t\t<p><span style=\"color: #333333;\">Consulte las preguntas y respuestas frecuentes sobre los <a style=\"color: #333333;\" href=\"https:\/\/www.google.com\/search?sca_esv=601095132&amp;sxsrf=ACQVn09P1Sm8XnG0QeE4Jx6ewrbtdPBaNg:1706109144989&amp;q=prendas+de+natal+para+namorada&amp;spell=1&amp;sa=X&amp;ved=2ahUKEwiMs6Psp_aDAxUESaQEHaLtD18QBSgAegQICBAC&amp;biw=1280&amp;bih=604&amp;dpr=2\" target=\"_blank\" rel=\"noopener\">regalos de Navidad para novia<\/a>s.<\/span><\/p>\t\t\t\t\t\t\t\t<\/div>\n\t\t\t\t<\/div>\n\t\t\t\t<div class=\"elementor-element elementor-element-eb8181d elementor-widget-divider--view-line elementor-widget elementor-widget-divider\" data-id=\"eb8181d\" data-element_type=\"widget\" data-e-type=\"widget\" data-widget_type=\"divider.default\">\n\t\t\t\t<div class=\"elementor-widget-container\">\n\t\t\t\t\t\t\t<div class=\"elementor-divider\">\n\t\t\t<span class=\"elementor-divider-separator\">\n\t\t\t\t\t\t<\/span>\n\t\t<\/div>\n\t\t\t\t\t\t<\/div>\n\t\t\t\t<\/div>\n\t\t\t\t<div class=\"elementor-element elementor-element-7ea2c7c elementor-widget elementor-widget-toggle\" data-id=\"7ea2c7c\" data-element_type=\"widget\" data-e-type=\"widget\" data-widget_type=\"toggle.default\">\n\t\t\t\t<div class=\"elementor-widget-container\">\n\t\t\t\t\t\t\t<div class=\"elementor-toggle\">\n\t\t\t\t\t\t\t<div class=\"elementor-toggle-item\">\n\t\t\t\t\t<div id=\"elementor-tab-title-1321\" class=\"elementor-tab-title\" data-tab=\"1\" role=\"button\" aria-controls=\"elementor-tab-content-1321\" aria-expanded=\"false\">\n\t\t\t\t\t\t\t\t\t\t\t\t<span class=\"elementor-toggle-icon elementor-toggle-icon-left\" aria-hidden=\"true\">\n\t\t\t\t\t\t\t\t\t\t\t\t\t\t\t<span class=\"elementor-toggle-icon-closed\"><i class=\"fas fa-chevron-down\"><\/i><\/span>\n\t\t\t\t\t\t\t\t<span class=\"elementor-toggle-icon-opened\"><i class=\"elementor-toggle-icon-opened fas fa-chevron-up\"><\/i><\/span>\n\t\t\t\t\t\t\t\t\t\t\t\t\t<\/span>\n\t\t\t\t\t\t\t\t\t\t\t\t<a class=\"elementor-toggle-title\" tabindex=\"0\">\u00bfQu\u00e9 regalar en Navidad?<\/a>\n\t\t\t\t\t<\/div>\n\n\t\t\t\t\t<div id=\"elementor-tab-content-1321\" class=\"elementor-tab-content elementor-clearfix\" data-tab=\"1\" role=\"region\" aria-labelledby=\"elementor-tab-title-1321\"><p>Cuando elige <strong>regalos de Navidad para su novia<\/strong>, es fundamental considerar algo que demuestre cari\u00f1o y atenci\u00f3n. Una sugerencia incre\u00edble es nuestro servicio \u00abPiloto por un D\u00eda\u00bb. Ella tendr\u00e1 la oportunidad de ser la comandante de un vuelo, realizando todos los procedimientos de una experiencia emocionante a bordo de un avi\u00f3n. \u00a1Ofr\u00e9zcale esta experiencia \u00fanica y memorable!   <\/p>\n<\/div>\n\t\t\t\t<\/div>\n\t\t\t\t\t\t\t<div class=\"elementor-toggle-item\">\n\t\t\t\t\t<div id=\"elementor-tab-title-1322\" class=\"elementor-tab-title\" data-tab=\"2\" role=\"button\" aria-controls=\"elementor-tab-content-1322\" aria-expanded=\"false\">\n\t\t\t\t\t\t\t\t\t\t\t\t<span class=\"elementor-toggle-icon elementor-toggle-icon-left\" aria-hidden=\"true\">\n\t\t\t\t\t\t\t\t\t\t\t\t\t\t\t<span class=\"elementor-toggle-icon-closed\"><i class=\"fas fa-chevron-down\"><\/i><\/span>\n\t\t\t\t\t\t\t\t<span class=\"elementor-toggle-icon-opened\"><i class=\"elementor-toggle-icon-opened fas fa-chevron-up\"><\/i><\/span>\n\t\t\t\t\t\t\t\t\t\t\t\t\t<\/span>\n\t\t\t\t\t\t\t\t\t\t\t\t<a class=\"elementor-toggle-title\" tabindex=\"0\">\u00bfQu\u00e9 regalar en Navidad al marido?<\/a>\n\t\t\t\t\t<\/div>\n\n\t\t\t\t\t<div id=\"elementor-tab-content-1322\" class=\"elementor-tab-content elementor-clearfix\" data-tab=\"2\" role=\"region\" aria-labelledby=\"elementor-tab-title-1322\"><p>El regalo de Navidad para el marido, para sorprender con algo verdaderamente especial e inolvidable, elija el servicio \u00abPiloto por un D\u00eda\u00bb. Esta experiencia extraordinaria no solo le har\u00e1 sentirse especial, sino que tambi\u00e9n proporcionar\u00e1 emociones y recuerdos que perdurar\u00e1n por mucho tiempo. <\/p>\n<\/div>\n\t\t\t\t<\/div>\n\t\t\t\t\t\t\t<div class=\"elementor-toggle-item\">\n\t\t\t\t\t<div id=\"elementor-tab-title-1323\" class=\"elementor-tab-title\" data-tab=\"3\" role=\"button\" aria-controls=\"elementor-tab-content-1323\" aria-expanded=\"false\">\n\t\t\t\t\t\t\t\t\t\t\t\t<span class=\"elementor-toggle-icon elementor-toggle-icon-left\" aria-hidden=\"true\">\n\t\t\t\t\t\t\t\t\t\t\t\t\t\t\t<span class=\"elementor-toggle-icon-closed\"><i class=\"fas fa-chevron-down\"><\/i><\/span>\n\t\t\t\t\t\t\t\t<span class=\"elementor-toggle-icon-opened\"><i class=\"elementor-toggle-icon-opened fas fa-chevron-up\"><\/i><\/span>\n\t\t\t\t\t\t\t\t\t\t\t\t\t<\/span>\n\t\t\t\t\t\t\t\t\t\t\t\t<a class=\"elementor-toggle-title\" tabindex=\"0\">\u00bfQu\u00e9 regalar al hermano en Navidad?<\/a>\n\t\t\t\t\t<\/div>\n\n\t\t\t\t\t<div id=\"elementor-tab-content-1323\" class=\"elementor-tab-content elementor-clearfix\" data-tab=\"3\" role=\"region\" aria-labelledby=\"elementor-tab-title-1323\"><p>Si quiere sorprender a su hermano en Navidad con algo diferente y emocionante, considere la experiencia \u00abPiloto por un D\u00eda\u00bb. Una experiencia tan \u00fanica que ciertamente le dejar\u00e1 encantado y se convertir\u00e1 en un regalo memorable. <\/p>\n<\/div>\n\t\t\t\t<\/div>\n\t\t\t\t\t\t\t<div class=\"elementor-toggle-item\">\n\t\t\t\t\t<div id=\"elementor-tab-title-1324\" class=\"elementor-tab-title\" data-tab=\"4\" role=\"button\" aria-controls=\"elementor-tab-content-1324\" aria-expanded=\"false\">\n\t\t\t\t\t\t\t\t\t\t\t\t<span class=\"elementor-toggle-icon elementor-toggle-icon-left\" aria-hidden=\"true\">\n\t\t\t\t\t\t\t\t\t\t\t\t\t\t\t<span class=\"elementor-toggle-icon-closed\"><i class=\"fas fa-chevron-down\"><\/i><\/span>\n\t\t\t\t\t\t\t\t<span class=\"elementor-toggle-icon-opened\"><i class=\"elementor-toggle-icon-opened fas fa-chevron-up\"><\/i><\/span>\n\t\t\t\t\t\t\t\t\t\t\t\t\t<\/span>\n\t\t\t\t\t\t\t\t\t\t\t\t<a class=\"elementor-toggle-title\" tabindex=\"0\">\u00bfQu\u00e9 regalar a un hombre especial?<\/a>\n\t\t\t\t\t<\/div>\n\n\t\t\t\t\t<div id=\"elementor-tab-content-1324\" class=\"elementor-tab-content elementor-clearfix\" data-tab=\"4\" role=\"region\" aria-labelledby=\"elementor-tab-title-1324\"><p><span style=\"color: #333333;\">Para un hombre especial, opte por algo fuera de lo com\u00fan, como la experiencia de ser el verdadero comandante de TAP en nuestro simulador de Airbus A320. Esta experiencia diferente y emocionante podr\u00e1 crear recuerdos \u00fanicos que \u00e9l guardar\u00e1 para siempre. <\/span><\/p>\n<p><span style=\"color: #333333;\">No pierda la oportunidad de hacer que esta Navidad sea verdaderamente inolvidable. \u00a1Visite nuestro sitio web de <a style=\"color: #333333;\" href=\"https:\/\/flightconcept.pt\/es\/\" target=\"_blank\" rel=\"noopener\">Flight Concept<\/a> y reserve ya estas experiencias \u00fanicas! <\/span><\/p>\n<\/div>\n\t\t\t\t<\/div>\n\t\t\t\t\t\t\t\t<\/div>\n\t\t\t\t\t\t<\/div>\n\t\t\t\t<\/div>\n\t\t\t\t\t<\/div>\n\t\t\t\t<\/div>\n\t\t<div class=\"elementor-element elementor-element-e20acf1 e-ecs-flex e-flex e-con-boxed e-con e-parent\" data-id=\"e20acf1\" data-element_type=\"container\" data-e-type=\"container\" data-settings=\"{&quot;ecs_container_type&quot;:&quot;flex&quot;}\">\n\t\t\t\t\t<div class=\"e-con-inner\">\n\t\t<div class=\"elementor-element elementor-element-f992ef8 e-con-full e-ecs-flex e-flex e-con e-child\" data-id=\"f992ef8\" data-element_type=\"container\" data-e-type=\"container\" data-settings=\"{&quot;ecs_container_type&quot;:&quot;flex&quot;}\">\n\t\t\t\t<div class=\"elementor-element elementor-element-0afdf62 elementor-widget elementor-widget-heading\" data-id=\"0afdf62\" data-element_type=\"widget\" data-e-type=\"widget\" data-widget_type=\"heading.default\">\n\t\t\t\t<div class=\"elementor-widget-container\">\n\t\t\t\t\t<h3 class=\"elementor-heading-title elementor-size-default\">Otros regalos de Navidad<\/h3>\t\t\t\t<\/div>\n\t\t\t\t<\/div>\n\t\t\t\t<\/div>\n\t\t<div class=\"elementor-element elementor-element-f4dbce0 e-con-full e-ecs-flex e-flex e-con e-child\" data-id=\"f4dbce0\" data-element_type=\"container\" data-e-type=\"container\" data-settings=\"{&quot;ecs_container_type&quot;:&quot;flex&quot;}\">\n\t\t\t\t<div class=\"elementor-element elementor-element-40054b7 elementor-icon-list--layout-inline elementor-list-item-link-full_width elementor-widget elementor-widget-icon-list\" data-id=\"40054b7\" data-element_type=\"widget\" data-e-type=\"widget\" data-widget_type=\"icon-list.default\">\n\t\t\t\t<div class=\"elementor-widget-container\">\n\t\t\t\t\t\t\t<ul class=\"elementor-icon-list-items elementor-inline-items\">\n\t\t\t\t\t\t\t<li class=\"elementor-icon-list-item elementor-inline-item\">\n\t\t\t\t\t\t\t\t\t\t\t<a href=\"https:\/\/flightconcept.pt\/es\/regalos-de-navidad-originales\/\">\n\n\t\t\t\t\t\t\t\t\t\t\t\t<span class=\"elementor-icon-list-icon\">\n\t\t\t\t\t\t\t<i aria-hidden=\"true\" class=\"fas fa-check\"><\/i>\t\t\t\t\t\t<\/span>\n\t\t\t\t\t\t\t\t\t\t<span class=\"elementor-icon-list-text\">Regalos de Navidad originales<\/span>\n\t\t\t\t\t\t\t\t\t\t\t<\/a>\n\t\t\t\t\t\t\t\t\t<\/li>\n\t\t\t\t\t\t\t\t<li class=\"elementor-icon-list-item elementor-inline-item\">\n\t\t\t\t\t\t\t\t\t\t\t<a href=\"https:\/\/flightconcept.pt\/es\/regalos-de-navidad-para-novio\/\">\n\n\t\t\t\t\t\t\t\t\t\t\t\t<span class=\"elementor-icon-list-icon\">\n\t\t\t\t\t\t\t<i aria-hidden=\"true\" class=\"fas fa-check\"><\/i>\t\t\t\t\t\t<\/span>\n\t\t\t\t\t\t\t\t\t\t<span class=\"elementor-icon-list-text\">Regalos de Navidad para novio<\/span>\n\t\t\t\t\t\t\t\t\t\t\t<\/a>\n\t\t\t\t\t\t\t\t\t<\/li>\n\t\t\t\t\t\t\t\t<li class=\"elementor-icon-list-item elementor-inline-item\">\n\t\t\t\t\t\t\t\t\t\t\t<a href=\"https:\/\/flightconcept.pt\/es\/regalos-de-navidad-para-ninos\/\">\n\n\t\t\t\t\t\t\t\t\t\t\t\t<span class=\"elementor-icon-list-icon\">\n\t\t\t\t\t\t\t<i aria-hidden=\"true\" class=\"fas fa-check\"><\/i>\t\t\t\t\t\t<\/span>\n\t\t\t\t\t\t\t\t\t\t<span class=\"elementor-icon-list-text\">Regalos de Navidad para ni\u00f1os<\/span>\n\t\t\t\t\t\t\t\t\t\t\t<\/a>\n\t\t\t\t\t\t\t\t\t<\/li>\n\t\t\t\t\t\t<\/ul>\n\t\t\t\t\t\t<\/div>\n\t\t\t\t<\/div>\n\t\t\t\t<\/div>\n\t\t\t\t\t<\/div>\n\t\t\t\t<\/div>\n\t\t\t\t<\/div>\n\t\t","protected":false},"excerpt":{"rendered":"<p>Regalos de Navidad para novias \u00bfRegalos de Navidad para novia? Esta Navidad, ofrezca algo verdaderamente inolvidable. \u00a1Imagine la sensaci\u00f3n de su novia al pilotar un F18 Hornet con realidad virtual! Nuestras experiencias de vuelo son tan realistas que la transportar\u00e1n a un mundo de aventura y adrenalina. Ofrezca un regalo de Navidad lleno de emoci\u00f3n [&hellip;]<\/p>\n","protected":false},"author":22,"featured_media":5619,"parent":0,"menu_order":22,"comment_status":"closed","ping_status":"closed","template":"","meta":{"_acf_changed":false,"footnotes":""},"folder":[],"class_list":["post-5618","page","type-page","status-publish","has-post-thumbnail","hentry"],"acf":[],"_links":{"self":[{"href":"https:\/\/flightconcept.pt\/es\/wp-json\/wp\/v2\/pages\/5618","targetHints":{"allow":["GET"]}}],"collection":[{"href":"https:\/\/flightconcept.pt\/es\/wp-json\/wp\/v2\/pages"}],"about":[{"href":"https:\/\/flightconcept.pt\/es\/wp-json\/wp\/v2\/types\/page"}],"author":[{"embeddable":true,"href":"https:\/\/flightconcept.pt\/es\/wp-json\/wp\/v2\/users\/22"}],"replies":[{"embeddable":true,"href":"https:\/\/flightconcept.pt\/es\/wp-json\/wp\/v2\/comments?post=5618"}],"version-history":[{"count":2,"href":"https:\/\/flightconcept.pt\/es\/wp-json\/wp\/v2\/pages\/5618\/revisions"}],"predecessor-version":[{"id":6247,"href":"https:\/\/flightconcept.pt\/es\/wp-json\/wp\/v2\/pages\/5618\/revisions\/6247"}],"wp:featuredmedia":[{"embeddable":true,"href":"https:\/\/flightconcept.pt\/es\/wp-json\/wp\/v2\/media\/5619"}],"wp:attachment":[{"href":"https:\/\/flightconcept.pt\/es\/wp-json\/wp\/v2\/media?parent=5618"}],"wp:term":[{"taxonomy":"folder","embeddable":true,"href":"https:\/\/flightconcept.pt\/es\/wp-json\/wp\/v2\/folder?post=5618"}],"curies":[{"name":"wp","href":"https:\/\/api.w.org\/{rel}","templated":true}]}}