{"id":5915,"date":"2023-10-24T14:42:48","date_gmt":"2023-10-24T14:42:48","guid":{"rendered":"https:\/\/flightconcept.pt\/regalos-de-navidad-originales\/"},"modified":"2025-10-06T10:16:16","modified_gmt":"2025-10-06T10:16:16","slug":"regalos-de-navidad-originales","status":"publish","type":"page","link":"https:\/\/flightconcept.pt\/es\/regalos-de-navidad-originales\/","title":{"rendered":"Regalos de Navidad originales"},"content":{"rendered":"\t\t<div data-elementor-type=\"wp-page\" data-elementor-id=\"5915\" class=\"elementor elementor-5915 elementor-3101\" data-elementor-post-type=\"page\">\n\t\t\t\t<div class=\"elementor-element elementor-element-fb19f3b e-ecs-flex e-flex e-con-boxed e-con e-parent\" data-id=\"fb19f3b\" data-element_type=\"container\" data-e-type=\"container\" data-settings=\"{&quot;ecs_container_type&quot;:&quot;flex&quot;}\">\n\t\t\t\t\t<div class=\"e-con-inner\">\n\t\t<div class=\"elementor-element elementor-element-45d22d8 e-con-full e-ecs-flex e-flex e-con e-child\" data-id=\"45d22d8\" data-element_type=\"container\" data-e-type=\"container\" data-settings=\"{&quot;ecs_container_type&quot;:&quot;flex&quot;}\">\n\t\t\t\t<div class=\"elementor-element elementor-element-7c89beb elementor-widget elementor-widget-heading\" data-id=\"7c89beb\" data-element_type=\"widget\" data-e-type=\"widget\" data-widget_type=\"heading.default\">\n\t\t\t\t<div class=\"elementor-widget-container\">\n\t\t\t\t\t<h1 class=\"elementor-heading-title elementor-size-default\">Regalos de Navidad originales\n<\/h1>\t\t\t\t<\/div>\n\t\t\t\t<\/div>\n\t\t\t\t<div class=\"elementor-element elementor-element-fa4c542 elementor-widget elementor-widget-text-editor\" data-id=\"fa4c542\" data-element_type=\"widget\" data-e-type=\"widget\" data-widget_type=\"text-editor.default\">\n\t\t\t\t<div class=\"elementor-widget-container\">\n\t\t\t\t\t\t\t\t\t<p><strong>Regalos de Navidad Originales:<\/strong> esta navidad, regale algo verdaderamente inolvidable. \u00a1Imagine la sensaci\u00f3n de pilotar un F18 Hornet con realidad virtual! Nuestras experiencias de vuelo son tan realistas que transportar\u00e1n a sus seres queridos a un mundo de aventura y adrenalina. Regale una experiencia navide\u00f1a llena de emoci\u00f3n en nuestros simuladores.    <br>Ofrezca un bono de Navidad personalizado.<\/p>\t\t\t\t\t\t\t\t<\/div>\n\t\t\t\t<\/div>\n\t\t\t\t<div class=\"elementor-element elementor-element-b20b23e elementor-widget elementor-widget-button\" data-id=\"b20b23e\" data-element_type=\"widget\" data-e-type=\"widget\" data-widget_type=\"button.default\">\n\t\t\t\t<div class=\"elementor-widget-container\">\n\t\t\t\t\t\t\t\t\t<div class=\"elementor-button-wrapper\">\n\t\t\t\t\t<a class=\"elementor-button elementor-button-link elementor-size-md\" href=\"#prendasdenatal\">\n\t\t\t\t\t\t<span class=\"elementor-button-content-wrapper\">\n\t\t\t\t\t\t\t\t\t<span class=\"elementor-button-text\">ESCOGER EL REGALO<\/span>\n\t\t\t\t\t<\/span>\n\t\t\t\t\t<\/a>\n\t\t\t\t<\/div>\n\t\t\t\t\t\t\t\t<\/div>\n\t\t\t\t<\/div>\n\t\t\t\t<\/div>\n\t\t<div class=\"elementor-element elementor-element-b1cb561 e-con-full e-ecs-flex e-flex e-con e-child\" data-id=\"b1cb561\" data-element_type=\"container\" data-e-type=\"container\" data-settings=\"{&quot;ecs_container_type&quot;:&quot;flex&quot;}\">\n\t\t\t\t<div class=\"elementor-element elementor-element-7d9c4eb elementor-widget elementor-widget-image\" data-id=\"7d9c4eb\" data-element_type=\"widget\" data-e-type=\"widget\" data-widget_type=\"image.default\">\n\t\t\t\t<div class=\"elementor-widget-container\">\n\t\t\t\t\t\t\t\t\t\t\t\t\t\t\t<img decoding=\"async\" src=\"https:\/\/flightconcept.pt\/wp-content\/uploads\/elementor\/thumbs\/Prendas-de-Natal-Originais-re7ykob2mkyoisooxh31jgq5csfmtoerst6zjpffz4.jpg\" title=\"Regalos de Navidad originales\" alt=\"Regalos de Navidad originales\" loading=\"lazy\" \/>\t\t\t\t\t\t\t\t\t\t\t\t\t\t\t<\/div>\n\t\t\t\t<\/div>\n\t\t\t\t<\/div>\n\t\t\t\t\t<\/div>\n\t\t\t\t<\/div>\n\t\t<div class=\"elementor-element elementor-element-b0b06ba e-ecs-flex e-flex e-con-boxed e-con e-parent\" data-id=\"b0b06ba\" data-element_type=\"container\" data-e-type=\"container\" data-settings=\"{&quot;background_background&quot;:&quot;classic&quot;,&quot;ecs_container_type&quot;:&quot;flex&quot;}\">\n\t\t\t\t\t<div class=\"e-con-inner\">\n\t\t\t\t<div class=\"elementor-element elementor-element-7664571 elementor-widget elementor-widget-heading\" data-id=\"7664571\" data-element_type=\"widget\" data-e-type=\"widget\" data-widget_type=\"heading.default\">\n\t\t\t\t<div class=\"elementor-widget-container\">\n\t\t\t\t\t<h2 class=\"elementor-heading-title elementor-size-default\">Si busca una sorpresa inolvidable, \u00a1conozca nuestros regalos de navidad originales!<\/h2>\t\t\t\t<\/div>\n\t\t\t\t<\/div>\n\t\t\t\t<div class=\"elementor-element elementor-element-bbdbae9 elementor-widget elementor-widget-text-editor\" data-id=\"bbdbae9\" data-element_type=\"widget\" data-e-type=\"widget\" data-widget_type=\"text-editor.default\">\n\t\t\t\t<div class=\"elementor-widget-container\">\n\t\t\t\t\t\t\t\t\t<p>Regale una sensaci\u00f3n \u00fanica de comandar las alturas en un simulador de vuelo real. \u00a1Reserve ya el <strong>regalo de Navidad original<\/strong> con esta inolvidable aventura a\u00e9rea! <\/p>\t\t\t\t\t\t\t\t<\/div>\n\t\t\t\t<\/div>\n\t\t\t\t<div class=\"elementor-element elementor-element-53a34e2 elementor-grid-3 elementor-grid-mobile-2 elementor-grid-tablet-3 elementor-products-grid elementor-wc-products elementor-widget elementor-widget-woocommerce-products\" data-id=\"53a34e2\" data-element_type=\"widget\" data-e-type=\"widget\" id=\"prendasdenatal\" data-widget_type=\"woocommerce-products.default\">\n\t\t\t\t<div class=\"elementor-widget-container\">\n\t\t\t\t\t<div class=\"woocommerce columns-3 \"><ul class=\"products elementor-grid columns-3\">\n<li class=\"product type-product post-5786 status-publish first instock product_cat-experiencias-y-desafios product_cat-packs-para-1-persona product_tag-78 product_tag-a320 has-post-thumbnail taxable shipping-taxable purchasable product-type-variable\">\n\t<a href=\"https:\/\/flightconcept.pt\/es\/loja\/experiencias-y-desafios\/piloto-por-un-dia\/\" class=\"woocommerce-LoopProduct-link woocommerce-loop-product__link\"><img fetchpriority=\"high\" decoding=\"async\" width=\"300\" height=\"400\" src=\"https:\/\/flightconcept.pt\/wp-content\/uploads\/2023\/05\/5498560E-AADB-4487-8EDE-8E2AC53FA1C5_1_102_a-min-300x400.jpeg\" class=\"attachment-woocommerce_thumbnail size-woocommerce_thumbnail\" alt=\"Piloto por un d\u00eda\" \/><h2 class=\"woocommerce-loop-product__title\">Piloto por un d\u00eda<\/h2>\n\t<span class=\"price\"><span class=\"woocommerce-Price-amount amount\"><bdi><span class=\"woocommerce-Price-currencySymbol\">&euro;<\/span>99.00<\/bdi><\/span><\/span>\n<\/a><a href=\"https:\/\/flightconcept.pt\/es\/loja\/experiencias-y-desafios\/piloto-por-un-dia\/\" aria-describedby=\"woocommerce_loop_add_to_cart_link_describedby_5786\" data-quantity=\"1\" class=\"button product_type_variable add_to_cart_button\" data-product_id=\"5786\" data-product_sku=\"\" aria-label=\"Elige las opciones para &ldquo;Piloto por un d\u00eda&rdquo;\" rel=\"nofollow\">Seleccionar opciones<\/a>\t<span id=\"woocommerce_loop_add_to_cart_link_describedby_5786\" class=\"screen-reader-text\">\n\t\tEste producto tiene m\u00faltiples variantes. Las opciones se pueden elegir en la p\u00e1gina de producto\t<\/span>\n<span class=\"gtm4wp_productdata\" style=\"display:none; visibility:hidden;\" data-gtm4wp_product_data=\"{&quot;internal_id&quot;:5786,&quot;item_id&quot;:5786,&quot;item_name&quot;:&quot;Piloto por un d\\u00eda&quot;,&quot;sku&quot;:5786,&quot;price&quot;:99,&quot;stocklevel&quot;:null,&quot;stockstatus&quot;:&quot;instock&quot;,&quot;google_business_vertical&quot;:&quot;retail&quot;,&quot;item_category&quot;:&quot;Experiencias y desaf\\u00edos&quot;,&quot;id&quot;:5786,&quot;item_brand&quot;:&quot;Packs para 1 persona&quot;,&quot;productlink&quot;:&quot;https:\\\/\\\/flightconcept.pt\\\/es\\\/loja\\\/experiencias-y-desafios\\\/piloto-por-un-dia\\\/&quot;,&quot;item_list_name&quot;:&quot;Lista general de productos&quot;,&quot;index&quot;:1,&quot;product_type&quot;:&quot;variable&quot;}\"><\/span><span class=\"gtmkit_product_data\" style=\"display:none;visibility:hidden\" data-gtmkit_product_id=\"5786\" data-gtmkit_product_data=\"{&quot;id&quot;:&quot;5786&quot;,&quot;item_id&quot;:&quot;5786&quot;,&quot;item_name&quot;:&quot;Piloto por un d\\u00eda&quot;,&quot;currency&quot;:&quot;EUR&quot;,&quot;price&quot;:99,&quot;item_category&quot;:&quot;Experiencias y desaf\\u00edos&quot;,&quot;item_list_name&quot;:&quot;Lista de productos&quot;,&quot;index&quot;:1}\"><\/span><\/li>\n<li class=\"product type-product post-5777 status-publish instock product_cat-experiencias-y-desafios product_cat-packs-para-1-persona product_tag-78 product_tag-a320 has-post-thumbnail taxable shipping-taxable purchasable product-type-variable\">\n\t<a href=\"https:\/\/flightconcept.pt\/es\/loja\/experiencias-y-desafios\/vuelo-junior\/\" class=\"woocommerce-LoopProduct-link woocommerce-loop-product__link\"><img decoding=\"async\" width=\"300\" height=\"400\" src=\"https:\/\/flightconcept.pt\/wp-content\/uploads\/2022\/12\/westwind-air-service-LT1WeeVzd6g-unsplash-300x400.jpg\" class=\"attachment-woocommerce_thumbnail size-woocommerce_thumbnail\" alt=\"Vuelo junior\" \/><h2 class=\"woocommerce-loop-product__title\">Vuelo junior<\/h2>\n\t<span class=\"price\"><span class=\"woocommerce-Price-amount amount\"><bdi><span class=\"woocommerce-Price-currencySymbol\">&euro;<\/span>75.00<\/bdi><\/span><\/span>\n<\/a><a href=\"https:\/\/flightconcept.pt\/es\/loja\/experiencias-y-desafios\/vuelo-junior\/\" aria-describedby=\"woocommerce_loop_add_to_cart_link_describedby_5777\" data-quantity=\"1\" class=\"button product_type_variable add_to_cart_button\" data-product_id=\"5777\" data-product_sku=\"\" aria-label=\"Elige las opciones para &ldquo;Vuelo junior&rdquo;\" rel=\"nofollow\">Seleccionar opciones<\/a>\t<span id=\"woocommerce_loop_add_to_cart_link_describedby_5777\" class=\"screen-reader-text\">\n\t\tEste producto tiene m\u00faltiples variantes. Las opciones se pueden elegir en la p\u00e1gina de producto\t<\/span>\n<span class=\"gtm4wp_productdata\" style=\"display:none; visibility:hidden;\" data-gtm4wp_product_data=\"{&quot;internal_id&quot;:5777,&quot;item_id&quot;:5777,&quot;item_name&quot;:&quot;Vuelo junior&quot;,&quot;sku&quot;:5777,&quot;price&quot;:75,&quot;stocklevel&quot;:null,&quot;stockstatus&quot;:&quot;instock&quot;,&quot;google_business_vertical&quot;:&quot;retail&quot;,&quot;item_category&quot;:&quot;Experiencias y desaf\\u00edos&quot;,&quot;id&quot;:5777,&quot;item_brand&quot;:&quot;Packs para 1 persona&quot;,&quot;productlink&quot;:&quot;https:\\\/\\\/flightconcept.pt\\\/es\\\/loja\\\/experiencias-y-desafios\\\/vuelo-junior\\\/&quot;,&quot;item_list_name&quot;:&quot;Lista general de productos&quot;,&quot;index&quot;:2,&quot;product_type&quot;:&quot;variable&quot;}\"><\/span><span class=\"gtmkit_product_data\" style=\"display:none;visibility:hidden\" data-gtmkit_product_id=\"5777\" data-gtmkit_product_data=\"{&quot;id&quot;:&quot;5777&quot;,&quot;item_id&quot;:&quot;5777&quot;,&quot;item_name&quot;:&quot;Vuelo junior&quot;,&quot;currency&quot;:&quot;EUR&quot;,&quot;price&quot;:75,&quot;item_category&quot;:&quot;Experiencias y desaf\\u00edos&quot;,&quot;item_list_name&quot;:&quot;Lista de productos&quot;,&quot;index&quot;:2}\"><\/span><\/li>\n<li class=\"product type-product post-5788 status-publish last instock product_cat-experiencias-y-desafios product_cat-packs-para-1-persona product_tag-a320 has-post-thumbnail taxable shipping-taxable purchasable product-type-variable\">\n\t<a href=\"https:\/\/flightconcept.pt\/es\/loja\/experiencias-y-desafios\/piloto-de-tap-por-un-dia\/\" class=\"woocommerce-LoopProduct-link woocommerce-loop-product__link\"><img decoding=\"async\" width=\"300\" height=\"400\" src=\"https:\/\/flightconcept.pt\/wp-content\/uploads\/2021\/03\/pilotoporumdia-300x400.jpg\" class=\"attachment-woocommerce_thumbnail size-woocommerce_thumbnail\" alt=\"Piloto de TAP por un d\u00eda\" \/><h2 class=\"woocommerce-loop-product__title\">Piloto de TAP por un d\u00eda<\/h2>\n\t<span class=\"price\"><span class=\"woocommerce-Price-amount amount\"><bdi><span class=\"woocommerce-Price-currencySymbol\">&euro;<\/span>140.00<\/bdi><\/span><\/span>\n<\/a><a href=\"https:\/\/flightconcept.pt\/es\/loja\/experiencias-y-desafios\/piloto-de-tap-por-un-dia\/\" aria-describedby=\"woocommerce_loop_add_to_cart_link_describedby_5788\" data-quantity=\"1\" class=\"button product_type_variable add_to_cart_button\" data-product_id=\"5788\" data-product_sku=\"A320PTAP\" aria-label=\"Elige las opciones para &ldquo;Piloto de TAP por un d\u00eda&rdquo;\" rel=\"nofollow\">Seleccionar opciones<\/a>\t<span id=\"woocommerce_loop_add_to_cart_link_describedby_5788\" class=\"screen-reader-text\">\n\t\tEste producto tiene m\u00faltiples variantes. Las opciones se pueden elegir en la p\u00e1gina de producto\t<\/span>\n<span class=\"gtm4wp_productdata\" style=\"display:none; visibility:hidden;\" data-gtm4wp_product_data=\"{&quot;internal_id&quot;:5788,&quot;item_id&quot;:5788,&quot;item_name&quot;:&quot;Piloto de TAP por un d\\u00eda&quot;,&quot;sku&quot;:&quot;A320PTAP&quot;,&quot;price&quot;:140,&quot;stocklevel&quot;:null,&quot;stockstatus&quot;:&quot;instock&quot;,&quot;google_business_vertical&quot;:&quot;retail&quot;,&quot;item_category&quot;:&quot;Experiencias y desaf\\u00edos&quot;,&quot;id&quot;:5788,&quot;item_brand&quot;:&quot;Packs para 1 persona&quot;,&quot;productlink&quot;:&quot;https:\\\/\\\/flightconcept.pt\\\/es\\\/loja\\\/experiencias-y-desafios\\\/piloto-de-tap-por-un-dia\\\/&quot;,&quot;item_list_name&quot;:&quot;Lista general de productos&quot;,&quot;index&quot;:3,&quot;product_type&quot;:&quot;variable&quot;}\"><\/span><span class=\"gtmkit_product_data\" style=\"display:none;visibility:hidden\" data-gtmkit_product_id=\"5788\" data-gtmkit_product_data=\"{&quot;id&quot;:&quot;5788&quot;,&quot;item_id&quot;:&quot;5788&quot;,&quot;item_name&quot;:&quot;Piloto de TAP por un d\\u00eda&quot;,&quot;currency&quot;:&quot;EUR&quot;,&quot;price&quot;:140,&quot;item_category&quot;:&quot;Experiencias y desaf\\u00edos&quot;,&quot;item_list_name&quot;:&quot;Lista de productos&quot;,&quot;index&quot;:3}\"><\/span><\/li>\n<\/ul>\n<\/div>\t\t\t\t<\/div>\n\t\t\t\t<\/div>\n\t\t\t\t\t<\/div>\n\t\t\t\t<\/div>\n\t\t<div class=\"elementor-element elementor-element-19f1eb7 e-ecs-flex e-flex e-con-boxed e-con e-parent\" data-id=\"19f1eb7\" data-element_type=\"container\" data-e-type=\"container\" data-settings=\"{&quot;ecs_container_type&quot;:&quot;flex&quot;}\">\n\t\t\t\t\t<div class=\"e-con-inner\">\n\t\t\t\t<div class=\"elementor-element elementor-element-aac7308 elementor-widget elementor-widget-heading\" data-id=\"aac7308\" data-element_type=\"widget\" data-e-type=\"widget\" data-widget_type=\"heading.default\">\n\t\t\t\t<div class=\"elementor-widget-container\">\n\t\t\t\t\t<h2 class=\"elementor-heading-title elementor-size-default\">Preguntas frecuentes<\/h2>\t\t\t\t<\/div>\n\t\t\t\t<\/div>\n\t\t\t\t<div class=\"elementor-element elementor-element-c512e4e elementor-widget elementor-widget-text-editor\" data-id=\"c512e4e\" data-element_type=\"widget\" data-e-type=\"widget\" data-widget_type=\"text-editor.default\">\n\t\t\t\t<div class=\"elementor-widget-container\">\n\t\t\t\t\t\t\t\t\t<p><span style=\"color: #333333;\">Consulte las preguntas y respuestas frecuentes sobre los <a style=\"color: #333333;\" href=\"https:\/\/www.google.com\/search?q=prendas+de+natal+originais&amp;sca_esv=601095132&amp;biw=1280&amp;bih=604&amp;sxsrf=ACQVn0_jQLb7NvqnypHZwW0dlZhFoaXaQQ%3A1707133483762&amp;ei=K8rAZbf6LbaB9u8PlYiUkA8&amp;udm=&amp;oq=prendas+de+natal+or&amp;gs_lp=Egxnd3Mtd2l6LXNlcnAiE3ByZW5kYXMgZGUgbmF0YWwgb3IqAggAMgoQIxiABBiKBRgnMgUQABiABDIFEAAYgAQyBRAAGIAEMgUQABiABDIFEAAYgAQyBRAAGIAEMgUQABiABDIFEAAYgAQyBRAAGIAESJoSUIoIWKIJcAJ4AZABAJgBbqABxwGqAQMxLjG4AQPIAQD4AQHCAgoQABhHGNYEGLAD4gMEGAAgQYgGAZAGCA&amp;sclient=gws-wiz-serp#ip=1\" target=\"_blank\" rel=\"noopener\">regalos de navidad originales<\/a>.<\/span><\/p>\t\t\t\t\t\t\t\t<\/div>\n\t\t\t\t<\/div>\n\t\t\t\t<div class=\"elementor-element elementor-element-74933e3 elementor-widget-divider--view-line elementor-widget elementor-widget-divider\" data-id=\"74933e3\" data-element_type=\"widget\" data-e-type=\"widget\" data-widget_type=\"divider.default\">\n\t\t\t\t<div class=\"elementor-widget-container\">\n\t\t\t\t\t\t\t<div class=\"elementor-divider\">\n\t\t\t<span class=\"elementor-divider-separator\">\n\t\t\t\t\t\t<\/span>\n\t\t<\/div>\n\t\t\t\t\t\t<\/div>\n\t\t\t\t<\/div>\n\t\t\t\t<div class=\"elementor-element elementor-element-21fedf2 elementor-widget elementor-widget-toggle\" data-id=\"21fedf2\" data-element_type=\"widget\" data-e-type=\"widget\" data-widget_type=\"toggle.default\">\n\t\t\t\t<div class=\"elementor-widget-container\">\n\t\t\t\t\t\t\t<div class=\"elementor-toggle\">\n\t\t\t\t\t\t\t<div class=\"elementor-toggle-item\">\n\t\t\t\t\t<div id=\"elementor-tab-title-3561\" class=\"elementor-tab-title\" data-tab=\"1\" role=\"button\" aria-controls=\"elementor-tab-content-3561\" aria-expanded=\"false\">\n\t\t\t\t\t\t\t\t\t\t\t\t<span class=\"elementor-toggle-icon elementor-toggle-icon-left\" aria-hidden=\"true\">\n\t\t\t\t\t\t\t\t\t\t\t\t\t\t\t<span class=\"elementor-toggle-icon-closed\"><i class=\"fas fa-chevron-down\"><\/i><\/span>\n\t\t\t\t\t\t\t\t<span class=\"elementor-toggle-icon-opened\"><i class=\"elementor-toggle-icon-opened fas fa-chevron-up\"><\/i><\/span>\n\t\t\t\t\t\t\t\t\t\t\t\t\t<\/span>\n\t\t\t\t\t\t\t\t\t\t\t\t<a class=\"elementor-toggle-title\" tabindex=\"0\">\u00bfQu\u00e9 regalar en Navidad 2024?<\/a>\n\t\t\t\t\t<\/div>\n\n\t\t\t\t\t<div id=\"elementor-tab-content-3561\" class=\"elementor-tab-content elementor-clearfix\" data-tab=\"1\" role=\"region\" aria-labelledby=\"elementor-tab-title-3561\"><p>Para la Navidad de 2024, considere regalos que est\u00e9n alineados con las tendencias actuales. Puede elegir <strong>regalos de navidad originales<\/strong> y personalizados, como art\u00edculos tecnol\u00f3gicos o experiencias \u00fanicas, como el servicio \u00abPiloto por un D\u00eda\u00bb, proporcionando un recuerdo memorable de este a\u00f1o especial 2024. <\/p>\n<\/div>\n\t\t\t\t<\/div>\n\t\t\t\t\t\t\t<div class=\"elementor-toggle-item\">\n\t\t\t\t\t<div id=\"elementor-tab-title-3562\" class=\"elementor-tab-title\" data-tab=\"2\" role=\"button\" aria-controls=\"elementor-tab-content-3562\" aria-expanded=\"false\">\n\t\t\t\t\t\t\t\t\t\t\t\t<span class=\"elementor-toggle-icon elementor-toggle-icon-left\" aria-hidden=\"true\">\n\t\t\t\t\t\t\t\t\t\t\t\t\t\t\t<span class=\"elementor-toggle-icon-closed\"><i class=\"fas fa-chevron-down\"><\/i><\/span>\n\t\t\t\t\t\t\t\t<span class=\"elementor-toggle-icon-opened\"><i class=\"elementor-toggle-icon-opened fas fa-chevron-up\"><\/i><\/span>\n\t\t\t\t\t\t\t\t\t\t\t\t\t<\/span>\n\t\t\t\t\t\t\t\t\t\t\t\t<a class=\"elementor-toggle-title\" tabindex=\"0\">\u00bfQu\u00e9 regalar a un hombre en Navidad?<\/a>\n\t\t\t\t\t<\/div>\n\n\t\t\t\t\t<div id=\"elementor-tab-content-3562\" class=\"elementor-tab-content elementor-clearfix\" data-tab=\"2\" role=\"region\" aria-labelledby=\"elementor-tab-title-3562\"><p>En la Navidad de 2024, regale al hombre especial de su vida una experiencia \u00fanica de vuelo. Elija entre simuladores de Airbus A320, Boeing 737 o incluso el emocionante caza F18 Hornet con Realidad Virtual. \u00a1Haga de esta Navidad una aventura \u00fanica!  <\/p>\n<\/div>\n\t\t\t\t<\/div>\n\t\t\t\t\t\t\t<div class=\"elementor-toggle-item\">\n\t\t\t\t\t<div id=\"elementor-tab-title-3563\" class=\"elementor-tab-title\" data-tab=\"3\" role=\"button\" aria-controls=\"elementor-tab-content-3563\" aria-expanded=\"false\">\n\t\t\t\t\t\t\t\t\t\t\t\t<span class=\"elementor-toggle-icon elementor-toggle-icon-left\" aria-hidden=\"true\">\n\t\t\t\t\t\t\t\t\t\t\t\t\t\t\t<span class=\"elementor-toggle-icon-closed\"><i class=\"fas fa-chevron-down\"><\/i><\/span>\n\t\t\t\t\t\t\t\t<span class=\"elementor-toggle-icon-opened\"><i class=\"elementor-toggle-icon-opened fas fa-chevron-up\"><\/i><\/span>\n\t\t\t\t\t\t\t\t\t\t\t\t\t<\/span>\n\t\t\t\t\t\t\t\t\t\t\t\t<a class=\"elementor-toggle-title\" tabindex=\"0\">\u00bfQu\u00e9 regalar en la Navidad de 2024?<\/a>\n\t\t\t\t\t<\/div>\n\n\t\t\t\t\t<div id=\"elementor-tab-content-3563\" class=\"elementor-tab-content elementor-clearfix\" data-tab=\"3\" role=\"region\" aria-labelledby=\"elementor-tab-title-3563\"><p>Esta Navidad 2024, deje de lado los regalos convencionales y convi\u00e9rtase en piloto, eligiendo la emoci\u00f3n del vuelo. Conozca nuestras experiencias en simuladores de cabina real, dise\u00f1ados para proporcionar una experiencia de vuelo inmersiva. \u00a1Vis\u00edtenos ahora y compre ya su vale regalo para sorprender a su familia y amigos!  <\/p>\n<\/div>\n\t\t\t\t<\/div>\n\t\t\t\t\t\t\t<div class=\"elementor-toggle-item\">\n\t\t\t\t\t<div id=\"elementor-tab-title-3564\" class=\"elementor-tab-title\" data-tab=\"4\" role=\"button\" aria-controls=\"elementor-tab-content-3564\" aria-expanded=\"false\">\n\t\t\t\t\t\t\t\t\t\t\t\t<span class=\"elementor-toggle-icon elementor-toggle-icon-left\" aria-hidden=\"true\">\n\t\t\t\t\t\t\t\t\t\t\t\t\t\t\t<span class=\"elementor-toggle-icon-closed\"><i class=\"fas fa-chevron-down\"><\/i><\/span>\n\t\t\t\t\t\t\t\t<span class=\"elementor-toggle-icon-opened\"><i class=\"elementor-toggle-icon-opened fas fa-chevron-up\"><\/i><\/span>\n\t\t\t\t\t\t\t\t\t\t\t\t\t<\/span>\n\t\t\t\t\t\t\t\t\t\t\t\t<a class=\"elementor-toggle-title\" tabindex=\"0\">\u00bfQu\u00e9 regalar a la familia en Navidad?<\/a>\n\t\t\t\t\t<\/div>\n\n\t\t\t\t\t<div id=\"elementor-tab-content-3564\" class=\"elementor-tab-content elementor-clearfix\" data-tab=\"4\" role=\"region\" aria-labelledby=\"elementor-tab-title-3564\"><p>Celebre la Navidad en familia con experiencias que todos adorar\u00e1n. Ofrecemos una variedad de simuladores para todas las edades. \u00a1Venga a Flight Concept y transforme la Navidad de 2024 en una fiesta emocionante para toda la familia! Reserve ya su viaje en familia en nuestros simuladores y cree recuerdos inolvidables.   <\/p>\n<\/div>\n\t\t\t\t<\/div>\n\t\t\t\t\t\t\t\t<\/div>\n\t\t\t\t\t\t<\/div>\n\t\t\t\t<\/div>\n\t\t\t\t\t<\/div>\n\t\t\t\t<\/div>\n\t\t<div class=\"elementor-element elementor-element-8aee0e4 e-ecs-flex e-flex e-con-boxed e-con e-parent\" data-id=\"8aee0e4\" data-element_type=\"container\" data-e-type=\"container\" data-settings=\"{&quot;ecs_container_type&quot;:&quot;flex&quot;}\">\n\t\t\t\t\t<div class=\"e-con-inner\">\n\t\t<div class=\"elementor-element elementor-element-a77859a e-con-full e-ecs-flex e-flex e-con e-child\" data-id=\"a77859a\" data-element_type=\"container\" data-e-type=\"container\" data-settings=\"{&quot;ecs_container_type&quot;:&quot;flex&quot;}\">\n\t\t\t\t<div class=\"elementor-element elementor-element-840caf5 elementor-widget elementor-widget-heading\" data-id=\"840caf5\" data-element_type=\"widget\" data-e-type=\"widget\" data-widget_type=\"heading.default\">\n\t\t\t\t<div class=\"elementor-widget-container\">\n\t\t\t\t\t<h3 class=\"elementor-heading-title elementor-size-default\">Otros regalos de Navidad<\/h3>\t\t\t\t<\/div>\n\t\t\t\t<\/div>\n\t\t\t\t<\/div>\n\t\t<div class=\"elementor-element elementor-element-f63d85a e-con-full e-ecs-flex e-flex e-con e-child\" data-id=\"f63d85a\" data-element_type=\"container\" data-e-type=\"container\" data-settings=\"{&quot;ecs_container_type&quot;:&quot;flex&quot;}\">\n\t\t\t\t<div class=\"elementor-element elementor-element-1b0658d elementor-icon-list--layout-inline elementor-list-item-link-full_width elementor-widget elementor-widget-icon-list\" data-id=\"1b0658d\" data-element_type=\"widget\" data-e-type=\"widget\" data-widget_type=\"icon-list.default\">\n\t\t\t\t<div class=\"elementor-widget-container\">\n\t\t\t\t\t\t\t<ul class=\"elementor-icon-list-items elementor-inline-items\">\n\t\t\t\t\t\t\t<li class=\"elementor-icon-list-item elementor-inline-item\">\n\t\t\t\t\t\t\t\t\t\t\t<a href=\"https:\/\/flightconcept.pt\/es\/regalos-de-navidad-para-novia\/\">\n\n\t\t\t\t\t\t\t\t\t\t\t\t<span class=\"elementor-icon-list-icon\">\n\t\t\t\t\t\t\t<i aria-hidden=\"true\" class=\"fas fa-check\"><\/i>\t\t\t\t\t\t<\/span>\n\t\t\t\t\t\t\t\t\t\t<span class=\"elementor-icon-list-text\">Regalos de Navidad para novia<\/span>\n\t\t\t\t\t\t\t\t\t\t\t<\/a>\n\t\t\t\t\t\t\t\t\t<\/li>\n\t\t\t\t\t\t\t\t<li class=\"elementor-icon-list-item elementor-inline-item\">\n\t\t\t\t\t\t\t\t\t\t\t<a href=\"https:\/\/flightconcept.pt\/es\/regalos-de-navidad-para-novio\/\">\n\n\t\t\t\t\t\t\t\t\t\t\t\t<span class=\"elementor-icon-list-icon\">\n\t\t\t\t\t\t\t<i aria-hidden=\"true\" class=\"fas fa-check\"><\/i>\t\t\t\t\t\t<\/span>\n\t\t\t\t\t\t\t\t\t\t<span class=\"elementor-icon-list-text\">Regalos de Navidad para novio<\/span>\n\t\t\t\t\t\t\t\t\t\t\t<\/a>\n\t\t\t\t\t\t\t\t\t<\/li>\n\t\t\t\t\t\t\t\t<li class=\"elementor-icon-list-item elementor-inline-item\">\n\t\t\t\t\t\t\t\t\t\t\t<a href=\"https:\/\/flightconcept.pt\/es\/regalos-de-navidad-para-ninos\/\">\n\n\t\t\t\t\t\t\t\t\t\t\t\t<span class=\"elementor-icon-list-icon\">\n\t\t\t\t\t\t\t<i aria-hidden=\"true\" class=\"fas fa-check\"><\/i>\t\t\t\t\t\t<\/span>\n\t\t\t\t\t\t\t\t\t\t<span class=\"elementor-icon-list-text\">Regalos de Navidad para ni\u00f1os<\/span>\n\t\t\t\t\t\t\t\t\t\t\t<\/a>\n\t\t\t\t\t\t\t\t\t<\/li>\n\t\t\t\t\t\t<\/ul>\n\t\t\t\t\t\t<\/div>\n\t\t\t\t<\/div>\n\t\t\t\t<\/div>\n\t\t\t\t\t<\/div>\n\t\t\t\t<\/div>\n\t\t\t\t<\/div>\n\t\t","protected":false},"excerpt":{"rendered":"<p>Regalos de Navidad originales Regalos de Navidad Originales: esta navidad, regale algo verdaderamente inolvidable. \u00a1Imagine la sensaci\u00f3n de pilotar un F18 Hornet con realidad virtual! Nuestras experiencias de vuelo son tan realistas que transportar\u00e1n a sus seres queridos a un mundo de aventura y adrenalina. Regale una experiencia navide\u00f1a llena de emoci\u00f3n en nuestros simuladores. [&hellip;]<\/p>\n","protected":false},"author":22,"featured_media":5757,"parent":0,"menu_order":25,"comment_status":"closed","ping_status":"closed","template":"","meta":{"_acf_changed":false,"footnotes":""},"folder":[],"class_list":["post-5915","page","type-page","status-publish","has-post-thumbnail","hentry"],"acf":[],"_links":{"self":[{"href":"https:\/\/flightconcept.pt\/es\/wp-json\/wp\/v2\/pages\/5915","targetHints":{"allow":["GET"]}}],"collection":[{"href":"https:\/\/flightconcept.pt\/es\/wp-json\/wp\/v2\/pages"}],"about":[{"href":"https:\/\/flightconcept.pt\/es\/wp-json\/wp\/v2\/types\/page"}],"author":[{"embeddable":true,"href":"https:\/\/flightconcept.pt\/es\/wp-json\/wp\/v2\/users\/22"}],"replies":[{"embeddable":true,"href":"https:\/\/flightconcept.pt\/es\/wp-json\/wp\/v2\/comments?post=5915"}],"version-history":[{"count":1,"href":"https:\/\/flightconcept.pt\/es\/wp-json\/wp\/v2\/pages\/5915\/revisions"}],"predecessor-version":[{"id":5916,"href":"https:\/\/flightconcept.pt\/es\/wp-json\/wp\/v2\/pages\/5915\/revisions\/5916"}],"wp:featuredmedia":[{"embeddable":true,"href":"https:\/\/flightconcept.pt\/es\/wp-json\/wp\/v2\/media\/5757"}],"wp:attachment":[{"href":"https:\/\/flightconcept.pt\/es\/wp-json\/wp\/v2\/media?parent=5915"}],"wp:term":[{"taxonomy":"folder","embeddable":true,"href":"https:\/\/flightconcept.pt\/es\/wp-json\/wp\/v2\/folder?post=5915"}],"curies":[{"name":"wp","href":"https:\/\/api.w.org\/{rel}","templated":true}]}}