{"id":5777,"date":"2021-05-03T16:29:34","date_gmt":"2021-05-03T16:29:34","guid":{"rendered":"https:\/\/flightconcept.pt\/loja\/sin categor\u00eda\/vuelo-junior\/"},"modified":"2021-05-03T16:29:34","modified_gmt":"2021-05-03T16:29:34","slug":"vuelo-junior","status":"publish","type":"product","link":"https:\/\/flightconcept.pt\/es\/loja\/experiencias-y-desafios\/vuelo-junior\/","title":{"rendered":"Vuelo junior"},"content":{"rendered":"<p>\u00a1El regalo perfecto para j\u00f3venes aviadores! Consiste en un vuelo introductorio especial, en el que cada ni\u00f1o tendr\u00e1 un circuito de despegue y aterrizaje en el Aeropuerto de Lisboa.<br \/>\nSe debe advertir a los padres que esta experiencia \u00fanica puede llevar a una adicci\u00f3n al vuelo que podr\u00eda prolongarse a lo largo de su vida.<br \/>\nEsta es una experiencia para ni\u00f1os <strong>de entre 6 y 12 a\u00f1os.<\/strong> <\/p>\n<p><strong>Duraci\u00f3n de 30 minutos.<\/strong><\/p>\n<p>Incluye:<\/p>\n<ul>\n<li>tarjeta de embarque<\/li>\n<li>briefing<\/li>\n<li>vuelo acompa\u00f1ado por un instructor de FlightConcept<\/li>\n<\/ul>\n","protected":false},"excerpt":{"rendered":"<p>El regalo perfecto para j\u00f3venes aviadores<\/p>\n","protected":false},"featured_media":965,"template":"","meta":{"_acf_changed":false},"product_brand":[],"product_cat":[85,84],"product_tag":[78,79],"product_folder":[],"class_list":{"0":"post-5777","1":"product","2":"type-product","3":"status-publish","4":"has-post-thumbnail","6":"product_cat-experiencias-y-desafios","7":"product_cat-packs-para-1-persona","8":"product_tag-78","9":"product_tag-a320","11":"first","12":"instock","13":"taxable","14":"shipping-taxable","15":"purchasable","16":"product-type-variable"},"acf":[],"_links":{"self":[{"href":"https:\/\/flightconcept.pt\/es\/wp-json\/wp\/v2\/product\/5777","targetHints":{"allow":["GET"]}}],"collection":[{"href":"https:\/\/flightconcept.pt\/es\/wp-json\/wp\/v2\/product"}],"about":[{"href":"https:\/\/flightconcept.pt\/es\/wp-json\/wp\/v2\/types\/product"}],"wp:featuredmedia":[{"embeddable":true,"href":"https:\/\/flightconcept.pt\/es\/wp-json\/wp\/v2\/media\/965"}],"wp:attachment":[{"href":"https:\/\/flightconcept.pt\/es\/wp-json\/wp\/v2\/media?parent=5777"}],"wp:term":[{"taxonomy":"product_brand","embeddable":true,"href":"https:\/\/flightconcept.pt\/es\/wp-json\/wp\/v2\/product_brand?post=5777"},{"taxonomy":"product_cat","embeddable":true,"href":"https:\/\/flightconcept.pt\/es\/wp-json\/wp\/v2\/product_cat?post=5777"},{"taxonomy":"product_tag","embeddable":true,"href":"https:\/\/flightconcept.pt\/es\/wp-json\/wp\/v2\/product_tag?post=5777"},{"taxonomy":"product_folder","embeddable":true,"href":"https:\/\/flightconcept.pt\/es\/wp-json\/wp\/v2\/product_folder?post=5777"}],"curies":[{"name":"wp","href":"https:\/\/api.w.org\/{rel}","templated":true}]}}