{"id":5788,"date":"2021-03-24T18:30:49","date_gmt":"2021-03-24T18:30:49","guid":{"rendered":"https:\/\/flightconcept.pt\/loja\/sin categor\u00eda\/piloto-de-tap-por-un-dia\/"},"modified":"2021-03-24T18:30:49","modified_gmt":"2021-03-24T18:30:49","slug":"piloto-de-tap-por-un-dia","status":"publish","type":"product","link":"https:\/\/flightconcept.pt\/es\/loja\/experiencias-y-desafios\/piloto-de-tap-por-un-dia\/","title":{"rendered":"Piloto de TAP por un d\u00eda"},"content":{"rendered":"<p>Esta experiencia le permite reproducir una ruta real de nuestra compa\u00f1\u00eda a\u00e9rea de bandera y realizar un vuelo como un verdadero comandante de TAP en nuestro simulador de Airbus A320. El punto de partida ser\u00e1 siempre el aeropuerto de Lisboa y el destino el que elija dentro del radio de acci\u00f3n que 60 minutos de vuelo permiten.<br \/>\nTendremos mucho gusto en recibirle a bordo de nuestro simulador bajo las insignias de TAP. <\/p>\n<p>Esta experiencia incluye una <strong>tarjeta de embarque TAP<\/strong> \/ FlightConcept.<\/p>\n<p>En la cabina tendr\u00e1 lugar el briefing para preparar el avi\u00f3n y el vuelo. Durante el vuelo ser\u00e1 acompa\u00f1ado por nuestro instructor que ser\u00e1 su copiloto. <\/p>\n<p>Al final del vuelo le entregaremos una maqueta de un avi\u00f3n de TAP (escala 1\/200) y un certificado TAP \/ FlightConcept que certificar\u00e1 que ha completado con \u00e9xito la misi\u00f3n.<\/p>\n<p><strong>Duraci\u00f3n de 60 minutos.<\/strong><\/p>\n<p>Incluye:<\/p>\n<ul>\n<li>tarjeta de embarque<\/li>\n<li>briefing<\/li>\n<li>vuelo acompa\u00f1ado por un instructor de FlightConcept<\/li>\n<\/ul>\n","protected":false},"excerpt":{"rendered":"<p>Realice un vuelo como un verdadero comandante de TAP en nuestro simulador de Airbus A320.<\/p>\n","protected":false},"featured_media":2202,"template":"","meta":{"_acf_changed":false},"product_brand":[],"product_cat":[85,84],"product_tag":[79],"product_folder":[],"class_list":{"0":"post-5788","1":"product","2":"type-product","3":"status-publish","4":"has-post-thumbnail","6":"product_cat-experiencias-y-desafios","7":"product_cat-packs-para-1-persona","8":"product_tag-a320","10":"first","11":"instock","12":"taxable","13":"shipping-taxable","14":"purchasable","15":"product-type-variable"},"acf":[],"_links":{"self":[{"href":"https:\/\/flightconcept.pt\/es\/wp-json\/wp\/v2\/product\/5788","targetHints":{"allow":["GET"]}}],"collection":[{"href":"https:\/\/flightconcept.pt\/es\/wp-json\/wp\/v2\/product"}],"about":[{"href":"https:\/\/flightconcept.pt\/es\/wp-json\/wp\/v2\/types\/product"}],"wp:featuredmedia":[{"embeddable":true,"href":"https:\/\/flightconcept.pt\/es\/wp-json\/wp\/v2\/media\/2202"}],"wp:attachment":[{"href":"https:\/\/flightconcept.pt\/es\/wp-json\/wp\/v2\/media?parent=5788"}],"wp:term":[{"taxonomy":"product_brand","embeddable":true,"href":"https:\/\/flightconcept.pt\/es\/wp-json\/wp\/v2\/product_brand?post=5788"},{"taxonomy":"product_cat","embeddable":true,"href":"https:\/\/flightconcept.pt\/es\/wp-json\/wp\/v2\/product_cat?post=5788"},{"taxonomy":"product_tag","embeddable":true,"href":"https:\/\/flightconcept.pt\/es\/wp-json\/wp\/v2\/product_tag?post=5788"},{"taxonomy":"product_folder","embeddable":true,"href":"https:\/\/flightconcept.pt\/es\/wp-json\/wp\/v2\/product_folder?post=5788"}],"curies":[{"name":"wp","href":"https:\/\/api.w.org\/{rel}","templated":true}]}}