{"id":5839,"date":"2022-10-17T17:40:14","date_gmt":"2022-10-17T17:40:14","guid":{"rendered":"https:\/\/flightconcept.pt\/loja\/sin categor\u00eda\/flight-rudder-pedals\/"},"modified":"2022-10-17T17:40:14","modified_gmt":"2022-10-17T17:40:14","slug":"flight-rudder-pedals","status":"publish","type":"product","link":"https:\/\/flightconcept.pt\/es\/loja\/accesorios-y-hardware\/flight-rudder-pedals\/","title":{"rendered":"Flight Rudder Pedals"},"content":{"rendered":"<p>Presentamos los Trustmaster Flight Rudder Pedals, un equipo esencial para la simulaci\u00f3n de vuelo que proporciona una experiencia a\u00fan m\u00e1s inmersiva y realista. Con un dise\u00f1o ergon\u00f3mico y ajustable, estos pedales de direcci\u00f3n de vuelo ofrecen un control preciso sobre la direcci\u00f3n del avi\u00f3n, permiti\u00e9ndole mejorar sus habilidades de pilotaje. Con sus pedales revestidos de goma, proporcionan una excelente adherencia y comodidad, incluso durante las sesiones m\u00e1s largas. Los Trustmaster Flight Rudder Pedals son compatibles con una amplia gama de simuladores de vuelo y son una elecci\u00f3n popular entre entusiastas y pilotos profesionales. \u00a1Adquiera el suyo ahora y d\u00e9 un salto en su experiencia de simulaci\u00f3n de vuelo!    <\/p>\n","protected":false},"excerpt":{"rendered":"<p>Pedales de direcci\u00f3n de vuelo para simulaci\u00f3n realista.<\/p>\n","protected":false},"featured_media":2132,"template":"","meta":{"_acf_changed":false},"product_brand":[],"product_cat":[100],"product_tag":[101],"product_folder":[],"class_list":{"0":"post-5839","1":"product","2":"type-product","3":"status-publish","4":"has-post-thumbnail","6":"product_cat-accesorios-y-hardware","7":"product_tag-thrustmaster","9":"first","10":"outofstock","11":"taxable","12":"shipping-taxable","13":"purchasable","14":"product-type-simple"},"acf":[],"_links":{"self":[{"href":"https:\/\/flightconcept.pt\/es\/wp-json\/wp\/v2\/product\/5839","targetHints":{"allow":["GET"]}}],"collection":[{"href":"https:\/\/flightconcept.pt\/es\/wp-json\/wp\/v2\/product"}],"about":[{"href":"https:\/\/flightconcept.pt\/es\/wp-json\/wp\/v2\/types\/product"}],"wp:featuredmedia":[{"embeddable":true,"href":"https:\/\/flightconcept.pt\/es\/wp-json\/wp\/v2\/media\/2132"}],"wp:attachment":[{"href":"https:\/\/flightconcept.pt\/es\/wp-json\/wp\/v2\/media?parent=5839"}],"wp:term":[{"taxonomy":"product_brand","embeddable":true,"href":"https:\/\/flightconcept.pt\/es\/wp-json\/wp\/v2\/product_brand?post=5839"},{"taxonomy":"product_cat","embeddable":true,"href":"https:\/\/flightconcept.pt\/es\/wp-json\/wp\/v2\/product_cat?post=5839"},{"taxonomy":"product_tag","embeddable":true,"href":"https:\/\/flightconcept.pt\/es\/wp-json\/wp\/v2\/product_tag?post=5839"},{"taxonomy":"product_folder","embeddable":true,"href":"https:\/\/flightconcept.pt\/es\/wp-json\/wp\/v2\/product_folder?post=5839"}],"curies":[{"name":"wp","href":"https:\/\/api.w.org\/{rel}","templated":true}]}}