{"id":5847,"date":"2023-01-02T20:01:37","date_gmt":"2023-01-02T20:01:37","guid":{"rendered":"https:\/\/flightconcept.pt\/loja\/sin categor\u00eda\/paquetes-f18-flyfighters-cumpleanos\/"},"modified":"2023-01-02T20:01:37","modified_gmt":"2023-01-02T20:01:37","slug":"paquetes-f18-flyfighters-cumpleanos","status":"publish","type":"product","link":"https:\/\/flightconcept.pt\/es\/loja\/packs-para-grupos\/paquetes-f18-flyfighters-cumpleanos\/","title":{"rendered":"Paquetes F18 FlyFighters \u2013 Cumplea\u00f1os"},"content":{"rendered":"<p><span data-sheets-formula-bar-text-style=\"font-size:19px;color:#000000;font-weight:normal;text-decoration:none;font-family:'docs-Helvetica Neue';font-style:normal;text-decoration-skip-ink:none;\">\u00bfQuiere convertir un d\u00eda importante en uno inolvidable? Ofr\u00e9zcale una experiencia en nuestro simulador de vuelo de realidad virtual y entren en competici\u00f3n para elegir al mejor del escuadr\u00f3n por la oportunidad de ser fotografiado con la TOPGUN Cup. \u00a1Todas las maniobras est\u00e1n permitidas, no hay gloria para el segundo lugar!<\/span> <span data-sheets-formula-bar-text-style=\"font-size:19px;color:#000000;font-weight:bold;text-decoration:none;font-family:'docs-Helvetica';font-style:normal;text-decoration-skip-ink:none;\">V\u00e1lido hasta 6 personas, 30 minutos de vuelo por cada persona.<\/span><\/p>\n","protected":false},"excerpt":{"rendered":"<p>\u00a1Perfecto para divertirse en el cumplea\u00f1os al mando de un Caza F18 en misiones peligrosas!<\/p>\n","protected":false},"featured_media":1160,"template":"","meta":{"_acf_changed":false},"product_brand":[],"product_cat":[80],"product_tag":[88,102,103],"product_folder":[],"class_list":{"0":"post-5847","1":"product","2":"type-product","3":"status-publish","4":"has-post-thumbnail","6":"product_cat-packs-para-grupos","7":"product_tag-destacado","8":"product_tag-f18","9":"product_tag-grupos","11":"first","12":"instock","13":"taxable","14":"shipping-taxable","15":"purchasable","16":"product-type-variable"},"acf":[],"_links":{"self":[{"href":"https:\/\/flightconcept.pt\/es\/wp-json\/wp\/v2\/product\/5847","targetHints":{"allow":["GET"]}}],"collection":[{"href":"https:\/\/flightconcept.pt\/es\/wp-json\/wp\/v2\/product"}],"about":[{"href":"https:\/\/flightconcept.pt\/es\/wp-json\/wp\/v2\/types\/product"}],"wp:featuredmedia":[{"embeddable":true,"href":"https:\/\/flightconcept.pt\/es\/wp-json\/wp\/v2\/media\/1160"}],"wp:attachment":[{"href":"https:\/\/flightconcept.pt\/es\/wp-json\/wp\/v2\/media?parent=5847"}],"wp:term":[{"taxonomy":"product_brand","embeddable":true,"href":"https:\/\/flightconcept.pt\/es\/wp-json\/wp\/v2\/product_brand?post=5847"},{"taxonomy":"product_cat","embeddable":true,"href":"https:\/\/flightconcept.pt\/es\/wp-json\/wp\/v2\/product_cat?post=5847"},{"taxonomy":"product_tag","embeddable":true,"href":"https:\/\/flightconcept.pt\/es\/wp-json\/wp\/v2\/product_tag?post=5847"},{"taxonomy":"product_folder","embeddable":true,"href":"https:\/\/flightconcept.pt\/es\/wp-json\/wp\/v2\/product_folder?post=5847"}],"curies":[{"name":"wp","href":"https:\/\/api.w.org\/{rel}","templated":true}]}}