{"id":5894,"date":"2021-11-22T18:05:09","date_gmt":"2021-11-22T18:05:09","guid":{"rendered":"https:\/\/flightconcept.pt\/loja\/sin%20categor\u00eda\/vuelo-atpl-student\/"},"modified":"2026-04-20T12:14:35","modified_gmt":"2026-04-20T12:14:35","slug":"vuelo-atpl-student","status":"publish","type":"product","link":"https:\/\/flightconcept.pt\/es\/loja\/paquetes-avanzados\/vuelo-atpl-student\/","title":{"rendered":"VUELO ATPL Student"},"content":{"rendered":"<p>La elecci\u00f3n perfecta para estudiantes de aviaci\u00f3n que desean prepararse para la carrera de piloto. Con el Paquete ATPL, tendr\u00e1 la oportunidad de experimentar todas las condiciones de vuelo y situaciones de emergencia de forma segura, mientras se prepara para la carrera de piloto en modo de vuelo libre y a un precio con descuento. <\/p>\n<p><strong>Duraci\u00f3n de 60 minutos.<\/strong><\/p>\n<p>Incluye:<\/p>\n<ul>\n<li>tarjeta de embarque<\/li>\n<li>briefing<\/li>\n<li>posibilidad de traer a un acompa\u00f1ante para que le asista en su vuelo<\/li>\n<\/ul>\n<p>Solo v\u00e1lido para estudiantes ATPL<\/p>\n","protected":false},"excerpt":{"rendered":"<p>Vuelo Libre de 1 hora exclusivo para estudiantes ATPL.<\/p>\n","protected":false},"featured_media":5895,"template":"","meta":{"_acf_changed":false},"product_brand":[],"product_cat":[93],"product_tag":[78,79],"product_folder":[],"class_list":{"0":"post-5894","1":"product","2":"type-product","3":"status-publish","4":"has-post-thumbnail","6":"product_cat-paquetes-avanzados","7":"product_tag-78","8":"product_tag-a320","10":"first","11":"instock","12":"taxable","13":"shipping-taxable","14":"purchasable","15":"product-type-variable"},"acf":[],"_links":{"self":[{"href":"https:\/\/flightconcept.pt\/es\/wp-json\/wp\/v2\/product\/5894","targetHints":{"allow":["GET"]}}],"collection":[{"href":"https:\/\/flightconcept.pt\/es\/wp-json\/wp\/v2\/product"}],"about":[{"href":"https:\/\/flightconcept.pt\/es\/wp-json\/wp\/v2\/types\/product"}],"wp:featuredmedia":[{"embeddable":true,"href":"https:\/\/flightconcept.pt\/es\/wp-json\/wp\/v2\/media\/5895"}],"wp:attachment":[{"href":"https:\/\/flightconcept.pt\/es\/wp-json\/wp\/v2\/media?parent=5894"}],"wp:term":[{"taxonomy":"product_brand","embeddable":true,"href":"https:\/\/flightconcept.pt\/es\/wp-json\/wp\/v2\/product_brand?post=5894"},{"taxonomy":"product_cat","embeddable":true,"href":"https:\/\/flightconcept.pt\/es\/wp-json\/wp\/v2\/product_cat?post=5894"},{"taxonomy":"product_tag","embeddable":true,"href":"https:\/\/flightconcept.pt\/es\/wp-json\/wp\/v2\/product_tag?post=5894"},{"taxonomy":"product_folder","embeddable":true,"href":"https:\/\/flightconcept.pt\/es\/wp-json\/wp\/v2\/product_folder?post=5894"}],"curies":[{"name":"wp","href":"https:\/\/api.w.org\/{rel}","templated":true}]}}